{"id":501349,"date":"2023-06-06T16:45:01","date_gmt":"2023-06-06T20:45:01","guid":{"rendered":"https:\/\/cladiator.com\/ressources-techniques\/"},"modified":"2026-03-13T11:21:36","modified_gmt":"2026-03-13T15:21:36","slug":"ressources-techniques","status":"publish","type":"page","link":"https:\/\/cladiator.com\/fr\/ressources-techniques\/","title":{"rendered":"Ressources techniques"},"content":{"rendered":"\t\t<div data-elementor-type=\"wp-page\" data-elementor-id=\"501349\" class=\"elementor elementor-501349 elementor-4291\" data-elementor-post-type=\"page\">\n\t\t\t\t<div class=\"elementor-element elementor-element-8253fc7 e-flex e-con-boxed e-con e-parent\" data-id=\"8253fc7\" data-element_type=\"container\" data-e-type=\"container\" data-settings=\"{&quot;background_background&quot;:&quot;classic&quot;}\">\n\t\t\t\t\t<div class=\"e-con-inner\">\n\t\t\t\t<div class=\"elementor-element elementor-element-8a41619 elementor-widget elementor-widget-heading\" data-id=\"8a41619\" data-element_type=\"widget\" data-e-type=\"widget\" data-widget_type=\"heading.default\">\n\t\t\t\t<div class=\"elementor-widget-container\">\n\t\t\t\t\t<h1 class=\"elementor-heading-title elementor-size-default\">Ressources techniques<\/h1>\t\t\t\t<\/div>\n\t\t\t\t<\/div>\n\t\t\t\t\t<\/div>\n\t\t\t\t<\/div>\n\t\t<div class=\"elementor-element elementor-element-9945409 e-flex e-con-boxed e-con e-parent\" data-id=\"9945409\" data-element_type=\"container\" data-e-type=\"container\">\n\t\t\t\t\t<div class=\"e-con-inner\">\n\t\t<div class=\"elementor-element elementor-element-276599b e-flex e-con-boxed e-con e-child\" data-id=\"276599b\" data-element_type=\"container\" data-e-type=\"container\">\n\t\t\t\t\t<div class=\"e-con-inner\">\n\t\t<div class=\"elementor-element elementor-element-b0c221b e-con-full e-flex e-con e-child\" data-id=\"b0c221b\" data-element_type=\"container\" data-e-type=\"container\">\n\t\t\t\t<div class=\"elementor-element elementor-element-c6f148a elementor-widget elementor-widget-image\" data-id=\"c6f148a\" data-element_type=\"widget\" data-e-type=\"widget\" data-widget_type=\"image.default\">\n\t\t\t\t<div class=\"elementor-widget-container\">\n\t\t\t\t\t\t\t\t\t\t\t\t\t\t\t<img fetchpriority=\"high\" decoding=\"async\" width=\"800\" height=\"811\" src=\"https:\/\/cladiator.com\/wp-content\/uploads\/2026\/02\/System_300_with_new_clip_and_corner.webp\" class=\"attachment-large size-large wp-image-2517548\" alt=\"\" srcset=\"https:\/\/cladiator.com\/wp-content\/uploads\/2026\/02\/System_300_with_new_clip_and_corner.webp 800w, https:\/\/cladiator.com\/wp-content\/uploads\/2026\/02\/System_300_with_new_clip_and_corner-296x300.webp 296w, https:\/\/cladiator.com\/wp-content\/uploads\/2026\/02\/System_300_with_new_clip_and_corner-768x779.webp 768w\" sizes=\"(max-width: 800px) 100vw, 800px\" \/>\t\t\t\t\t\t\t\t\t\t\t\t\t\t\t<\/div>\n\t\t\t\t<\/div>\n\t\t<div class=\"elementor-element elementor-element-6fcce03 e-flex e-con-boxed e-con e-child\" data-id=\"6fcce03\" data-element_type=\"container\" data-e-type=\"container\" data-settings=\"{&quot;background_background&quot;:&quot;classic&quot;}\">\n\t\t\t\t\t<div class=\"e-con-inner\">\n\t\t<div class=\"elementor-element elementor-element-626e116 e-con-full e-flex e-con e-child\" data-id=\"626e116\" data-element_type=\"container\" data-e-type=\"container\">\n\t\t\t\t<div class=\"elementor-element elementor-element-82d56c5 elementor-widget elementor-widget-heading\" data-id=\"82d56c5\" data-element_type=\"widget\" data-e-type=\"widget\" data-widget_type=\"heading.default\">\n\t\t\t\t<div class=\"elementor-widget-container\">\n\t\t\t\t\t<h2 class=\"elementor-heading-title elementor-size-default\">CL-300<span style=\"color:#afd237\">.<\/span><\/h2>\t\t\t\t<\/div>\n\t\t\t\t<\/div>\n\t\t\t\t<div class=\"elementor-element elementor-element-655fc71 elementor-widget__width-inherit elementor-widget elementor-widget-heading\" data-id=\"655fc71\" data-element_type=\"widget\" data-e-type=\"widget\" data-widget_type=\"heading.default\">\n\t\t\t\t<div class=\"elementor-widget-container\">\n\t\t\t\t\t<h4 class=\"elementor-heading-title elementor-size-default\">Ajustable. Ing\u00e9nierie. Efficacit\u00e9 thermique.<\/h4>\t\t\t\t<\/div>\n\t\t\t\t<\/div>\n\t\t\t\t<div class=\"elementor-element elementor-element-7a5fab3 elementor-widget elementor-widget-text-editor\" data-id=\"7a5fab3\" data-element_type=\"widget\" data-e-type=\"widget\" data-widget_type=\"text-editor.default\">\n\t\t\t\t<div class=\"elementor-widget-container\">\n\t\t\t\t\t\t\t\t\t<p>Le syst\u00e8me CL-300 permet de r\u00e9aliser des applications d&rsquo;isolation continue tout en respectant les principes d&rsquo;un v\u00e9ritable \u00e9cran de pluie. Notre syst\u00e8me offre une approche ajustable \u00e0 tous les types de mat\u00e9riaux de rev\u00eatement.<\/p>\t\t\t\t\t\t\t\t<\/div>\n\t\t\t\t<\/div>\n\t\t\t\t<\/div>\n\t\t\t\t<div class=\"elementor-element elementor-element-fa7c35c elementor-widget elementor-widget-button\" data-id=\"fa7c35c\" data-element_type=\"widget\" data-e-type=\"widget\" data-widget_type=\"button.default\">\n\t\t\t\t<div class=\"elementor-widget-container\">\n\t\t\t\t\t\t\t\t\t<div class=\"elementor-button-wrapper\">\n\t\t\t\t\t<a class=\"elementor-button elementor-button-link elementor-size-sm\" href=\"https:\/\/cladiator.com\/fr\/ressources-techniques\/cl-300\/\">\n\t\t\t\t\t\t<span class=\"elementor-button-content-wrapper\">\n\t\t\t\t\t\t\t\t\t<span class=\"elementor-button-text\">EN SAVOIR PLUS<\/span>\n\t\t\t\t\t<\/span>\n\t\t\t\t\t<\/a>\n\t\t\t\t<\/div>\n\t\t\t\t\t\t\t\t<\/div>\n\t\t\t\t<\/div>\n\t\t\t\t\t<\/div>\n\t\t\t\t<\/div>\n\t\t\t\t<\/div>\n\t\t<div class=\"elementor-element elementor-element-98024a3 e-con-full e-flex e-con e-child\" data-id=\"98024a3\" data-element_type=\"container\" data-e-type=\"container\">\n\t\t\t\t<div class=\"elementor-element elementor-element-8bb43dd elementor-widget elementor-widget-image\" data-id=\"8bb43dd\" data-element_type=\"widget\" data-e-type=\"widget\" data-widget_type=\"image.default\">\n\t\t\t\t<div class=\"elementor-widget-container\">\n\t\t\t\t\t\t\t\t\t\t\t\t\t\t\t<img decoding=\"async\" width=\"800\" height=\"800\" src=\"https:\/\/cladiator.com\/wp-content\/uploads\/2026\/02\/Slotted-Z_horizontal.webp\" class=\"attachment-large size-large wp-image-2517550\" alt=\"\" srcset=\"https:\/\/cladiator.com\/wp-content\/uploads\/2026\/02\/Slotted-Z_horizontal.webp 800w, https:\/\/cladiator.com\/wp-content\/uploads\/2026\/02\/Slotted-Z_horizontal-300x300.webp 300w, https:\/\/cladiator.com\/wp-content\/uploads\/2026\/02\/Slotted-Z_horizontal-150x150.webp 150w, https:\/\/cladiator.com\/wp-content\/uploads\/2026\/02\/Slotted-Z_horizontal-768x768.webp 768w\" sizes=\"(max-width: 800px) 100vw, 800px\" \/>\t\t\t\t\t\t\t\t\t\t\t\t\t\t\t<\/div>\n\t\t\t\t<\/div>\n\t\t<div class=\"elementor-element elementor-element-6c0098f e-flex e-con-boxed e-con e-child\" data-id=\"6c0098f\" data-element_type=\"container\" data-e-type=\"container\" data-settings=\"{&quot;background_background&quot;:&quot;classic&quot;}\">\n\t\t\t\t\t<div class=\"e-con-inner\">\n\t\t<div class=\"elementor-element elementor-element-12410bd e-con-full e-flex e-con e-child\" data-id=\"12410bd\" data-element_type=\"container\" data-e-type=\"container\">\n\t\t\t\t<div class=\"elementor-element elementor-element-46742b4 elementor-widget elementor-widget-heading\" data-id=\"46742b4\" data-element_type=\"widget\" data-e-type=\"widget\" data-widget_type=\"heading.default\">\n\t\t\t\t<div class=\"elementor-widget-container\">\n\t\t\t\t\t<h2 class=\"elementor-heading-title elementor-size-default\">Slotted-Z<span style=\"color:#afd237\">.<\/span><\/h2>\t\t\t\t<\/div>\n\t\t\t\t<\/div>\n\t\t\t\t<div class=\"elementor-element elementor-element-942e9d7 elementor-widget elementor-widget-heading\" data-id=\"942e9d7\" data-element_type=\"widget\" data-e-type=\"widget\" data-widget_type=\"heading.default\">\n\t\t\t\t<div class=\"elementor-widget-container\">\n\t\t\t\t\t<h4 class=\"elementor-heading-title elementor-size-default\">Simple. S\u00e9curis\u00e9. Fente.<\/h4>\t\t\t\t<\/div>\n\t\t\t\t<\/div>\n\t\t\t\t<div class=\"elementor-element elementor-element-56cd870 elementor-widget elementor-widget-text-editor\" data-id=\"56cd870\" data-element_type=\"widget\" data-e-type=\"widget\" data-widget_type=\"text-editor.default\">\n\t\t\t\t<div class=\"elementor-widget-container\">\n\t\t\t\t\t\t\t\t\t<p>Le Slotted-Z est une jupe en Z en fibre de verre qui permet de r\u00e9aliser des applications d&rsquo;isolation continue tout en respectant les principes d&rsquo;un v\u00e9ritable \u00e9cran pare-pluie. Notre ROCKETStick\u2122 fournit des moyens de fixation pour tous les types d&rsquo;isolation.<\/p>\t\t\t\t\t\t\t\t<\/div>\n\t\t\t\t<\/div>\n\t\t\t\t<\/div>\n\t\t\t\t<div class=\"elementor-element elementor-element-e2caec4 elementor-widget elementor-widget-button\" data-id=\"e2caec4\" data-element_type=\"widget\" data-e-type=\"widget\" data-widget_type=\"button.default\">\n\t\t\t\t<div class=\"elementor-widget-container\">\n\t\t\t\t\t\t\t\t\t<div class=\"elementor-button-wrapper\">\n\t\t\t\t\t<a class=\"elementor-button elementor-button-link elementor-size-sm\" href=\"https:\/\/cladiator.com\/fr\/ressources-techniques\/slotted-z\/\">\n\t\t\t\t\t\t<span class=\"elementor-button-content-wrapper\">\n\t\t\t\t\t\t\t\t\t<span class=\"elementor-button-text\">EN SAVOIR PLUS<\/span>\n\t\t\t\t\t<\/span>\n\t\t\t\t\t<\/a>\n\t\t\t\t<\/div>\n\t\t\t\t\t\t\t\t<\/div>\n\t\t\t\t<\/div>\n\t\t\t\t\t<\/div>\n\t\t\t\t<\/div>\n\t\t\t\t<\/div>\n\t\t<div class=\"elementor-element elementor-element-34067f0 e-con-full e-flex e-con e-child\" data-id=\"34067f0\" data-element_type=\"container\" data-e-type=\"container\">\n\t\t\t\t<div class=\"elementor-element elementor-element-15e2993 elementor-absolute elementor-widget elementor-widget-text-editor\" data-id=\"15e2993\" data-element_type=\"widget\" data-e-type=\"widget\" data-settings=\"{&quot;_position&quot;:&quot;absolute&quot;}\" data-widget_type=\"text-editor.default\">\n\t\t\t\t<div class=\"elementor-widget-container\">\n\t\t\t\t\t\t\t\t\t<p>Bient\u00f4t disponible<\/p>\t\t\t\t\t\t\t\t<\/div>\n\t\t\t\t<\/div>\n\t\t\t\t<div class=\"elementor-element elementor-element-c714e42 elementor-widget elementor-widget-image\" data-id=\"c714e42\" data-element_type=\"widget\" data-e-type=\"widget\" data-widget_type=\"image.default\">\n\t\t\t\t<div class=\"elementor-widget-container\">\n\t\t\t\t\t\t\t\t\t\t\t\t\t\t\t<img decoding=\"async\" width=\"800\" height=\"600\" src=\"https:\/\/cladiator.com\/wp-content\/uploads\/2026\/02\/Eco_Sill_window_only_no_logo.webp\" class=\"attachment-large size-large wp-image-2517546\" alt=\"\" srcset=\"https:\/\/cladiator.com\/wp-content\/uploads\/2026\/02\/Eco_Sill_window_only_no_logo.webp 1000w, https:\/\/cladiator.com\/wp-content\/uploads\/2026\/02\/Eco_Sill_window_only_no_logo-300x225.webp 300w, https:\/\/cladiator.com\/wp-content\/uploads\/2026\/02\/Eco_Sill_window_only_no_logo-768x576.webp 768w\" sizes=\"(max-width: 800px) 100vw, 800px\" \/>\t\t\t\t\t\t\t\t\t\t\t\t\t\t\t<\/div>\n\t\t\t\t<\/div>\n\t\t<div class=\"elementor-element elementor-element-a1140aa e-flex e-con-boxed e-con e-child\" data-id=\"a1140aa\" data-element_type=\"container\" data-e-type=\"container\" data-settings=\"{&quot;background_background&quot;:&quot;classic&quot;}\">\n\t\t\t\t\t<div class=\"e-con-inner\">\n\t\t<div class=\"elementor-element elementor-element-6b7f4c1 e-con-full e-flex e-con e-child\" data-id=\"6b7f4c1\" data-element_type=\"container\" data-e-type=\"container\">\n\t\t\t\t<div class=\"elementor-element elementor-element-f287032 elementor-widget elementor-widget-heading\" data-id=\"f287032\" data-element_type=\"widget\" data-e-type=\"widget\" data-widget_type=\"heading.default\">\n\t\t\t\t<div class=\"elementor-widget-container\">\n\t\t\t\t\t<h2 class=\"elementor-heading-title elementor-size-default\">Eco-Sill<span style=\"color:#afd237\">.<\/span><\/h2>\t\t\t\t<\/div>\n\t\t\t\t<\/div>\n\t\t\t\t<div class=\"elementor-element elementor-element-07a168a elementor-widget elementor-widget-heading\" data-id=\"07a168a\" data-element_type=\"widget\" data-e-type=\"widget\" data-widget_type=\"heading.default\">\n\t\t\t\t<div class=\"elementor-widget-container\">\n\t\t\t\t\t<h4 class=\"elementor-heading-title elementor-size-default\">Posez des appuis de fen\u00eatre thermiquement efficaces en toute transparence<\/h4>\t\t\t\t<\/div>\n\t\t\t\t<\/div>\n\t\t\t\t<div class=\"elementor-element elementor-element-ac7d2eb elementor-widget elementor-widget-text-editor\" data-id=\"ac7d2eb\" data-element_type=\"widget\" data-e-type=\"widget\" data-widget_type=\"text-editor.default\">\n\t\t\t\t<div class=\"elementor-widget-container\">\n\t\t\t\t\t\t\t\t\t<p>Eco-Sill est une garniture de fen\u00eatre <span style=\"color: #333333;\">r\u00e9volutionnaire<\/span> en polym\u00e8re renforc\u00e9 de fibres \u00e0 rupture thermique qui permet l&rsquo;int\u00e9gration de l&rsquo;isolation ext\u00e9rieure, favorise la ventilation naturelle, adh\u00e8re aux principes du pare-pluie et rationalise le processus d&rsquo;installation de la fen\u00eatre en utilisant les cadres int\u00e9rieurs et ext\u00e9rieurs, minimisant ainsi le calfeutrage.<\/p>\t\t\t\t\t\t\t\t<\/div>\n\t\t\t\t<\/div>\n\t\t\t\t<\/div>\n\t\t\t\t<div class=\"elementor-element elementor-element-fce1772 elementor-widget elementor-widget-button\" data-id=\"fce1772\" data-element_type=\"widget\" data-e-type=\"widget\" data-widget_type=\"button.default\">\n\t\t\t\t<div class=\"elementor-widget-container\">\n\t\t\t\t\t\t\t\t\t<div class=\"elementor-button-wrapper\">\n\t\t\t\t\t<a class=\"elementor-button elementor-button-link elementor-size-sm\" href=\"https:\/\/cladiator.com\/fr\/ressources-techniques\/eco-sill\/\">\n\t\t\t\t\t\t<span class=\"elementor-button-content-wrapper\">\n\t\t\t\t\t\t\t\t\t<span class=\"elementor-button-text\">EN SAVOIR PLUS<\/span>\n\t\t\t\t\t<\/span>\n\t\t\t\t\t<\/a>\n\t\t\t\t<\/div>\n\t\t\t\t\t\t\t\t<\/div>\n\t\t\t\t<\/div>\n\t\t\t\t\t<\/div>\n\t\t\t\t<\/div>\n\t\t\t\t<\/div>\n\t\t\t\t\t<\/div>\n\t\t\t\t<\/div>\n\t\t\t\t\t<\/div>\n\t\t\t\t<\/div>\n\t\t\t\t<\/div>\n\t\t","protected":false},"excerpt":{"rendered":"<p>Ressources techniques CL-300. Ajustable. Ing\u00e9nierie. Efficacit\u00e9 thermique. Le syst\u00e8me CL-300 permet de r\u00e9aliser des applications d&rsquo;isolation continue tout en respectant les principes d&rsquo;un v\u00e9ritable \u00e9cran de pluie. Notre syst\u00e8me offre une approche ajustable \u00e0 tous les types de mat\u00e9riaux de rev\u00eatement. EN SAVOIR PLUS Slotted-Z. Simple. S\u00e9curis\u00e9. Fente. Le Slotted-Z est une jupe en Z [&hellip;]<\/p>\n","protected":false},"author":2,"featured_media":0,"parent":0,"menu_order":0,"comment_status":"closed","ping_status":"closed","template":"","meta":{"footnotes":""},"class_list":["post-501349","page","type-page","status-publish","hentry"],"yoast_head":"<!-- This site is optimized with the Yoast SEO plugin v27.3 - https:\/\/yoast.com\/product\/yoast-seo-wordpress\/ -->\n<title>Cladiator - Ressources techniques - Bardage \u00e0 rupture thermique<\/title>\n<meta name=\"description\" content=\"Lisez nos ressources techniques sur nos bardages \u00e0 rupture de pont thermique pour comprendre comment ils sont durables et assurent la ventilation de l&#039;air et de l&#039;humidit\u00e9.\" \/>\n<meta name=\"robots\" content=\"index, follow, max-snippet:-1, max-image-preview:large, max-video-preview:-1\" \/>\n<link rel=\"canonical\" href=\"https:\/\/cladiator.com\/fr\/ressources-techniques\/\" \/>\n<meta property=\"og:locale\" content=\"fr_FR\" \/>\n<meta property=\"og:type\" content=\"article\" \/>\n<meta property=\"og:title\" content=\"Cladiator - Ressources techniques - Bardage \u00e0 rupture thermique\" \/>\n<meta property=\"og:description\" content=\"Lisez nos ressources techniques sur nos bardages \u00e0 rupture de pont thermique pour comprendre comment ils sont durables et assurent la ventilation de l&#039;air et de l&#039;humidit\u00e9.\" \/>\n<meta property=\"og:url\" content=\"https:\/\/cladiator.com\/fr\/ressources-techniques\/\" \/>\n<meta property=\"og:site_name\" content=\"Cladiator\" \/>\n<meta property=\"article:publisher\" content=\"https:\/\/www.facebook.com\/people\/Cladiator\/100049662201765\/\" \/>\n<meta property=\"article:modified_time\" content=\"2026-03-13T15:21:36+00:00\" \/>\n<meta property=\"og:image\" content=\"https:\/\/cladiator.com\/wp-content\/uploads\/2026\/02\/System_300_with_new_clip_and_corner.webp\" \/>\n\t<meta property=\"og:image:width\" content=\"800\" \/>\n\t<meta property=\"og:image:height\" content=\"811\" \/>\n\t<meta property=\"og:image:type\" content=\"image\/webp\" \/>\n<meta name=\"twitter:card\" content=\"summary_large_image\" \/>\n<meta name=\"twitter:label1\" content=\"Dur\u00e9e de lecture estim\u00e9e\" \/>\n\t<meta name=\"twitter:data1\" content=\"2 minutes\" \/>\n<script type=\"application\/ld+json\" class=\"yoast-schema-graph\">{\"@context\":\"https:\\\/\\\/schema.org\",\"@graph\":[{\"@type\":\"WebPage\",\"@id\":\"https:\\\/\\\/cladiator.com\\\/fr\\\/ressources-techniques\\\/\",\"url\":\"https:\\\/\\\/cladiator.com\\\/fr\\\/ressources-techniques\\\/\",\"name\":\"Cladiator - Ressources techniques - Bardage \u00e0 rupture thermique\",\"isPartOf\":{\"@id\":\"https:\\\/\\\/cladiator.com\\\/#website\"},\"primaryImageOfPage\":{\"@id\":\"https:\\\/\\\/cladiator.com\\\/fr\\\/ressources-techniques\\\/#primaryimage\"},\"image\":{\"@id\":\"https:\\\/\\\/cladiator.com\\\/fr\\\/ressources-techniques\\\/#primaryimage\"},\"thumbnailUrl\":\"https:\\\/\\\/cladiator.com\\\/wp-content\\\/uploads\\\/2026\\\/02\\\/System_300_with_new_clip_and_corner.webp\",\"datePublished\":\"2023-06-06T20:45:01+00:00\",\"dateModified\":\"2026-03-13T15:21:36+00:00\",\"description\":\"Lisez nos ressources techniques sur nos bardages \u00e0 rupture de pont thermique pour comprendre comment ils sont durables et assurent la ventilation de l'air et de l'humidit\u00e9.\",\"breadcrumb\":{\"@id\":\"https:\\\/\\\/cladiator.com\\\/fr\\\/ressources-techniques\\\/#breadcrumb\"},\"inLanguage\":\"fr-FR\",\"potentialAction\":[{\"@type\":\"ReadAction\",\"target\":[\"https:\\\/\\\/cladiator.com\\\/fr\\\/ressources-techniques\\\/\"]}]},{\"@type\":\"ImageObject\",\"inLanguage\":\"fr-FR\",\"@id\":\"https:\\\/\\\/cladiator.com\\\/fr\\\/ressources-techniques\\\/#primaryimage\",\"url\":\"https:\\\/\\\/cladiator.com\\\/wp-content\\\/uploads\\\/2026\\\/02\\\/System_300_with_new_clip_and_corner.webp\",\"contentUrl\":\"https:\\\/\\\/cladiator.com\\\/wp-content\\\/uploads\\\/2026\\\/02\\\/System_300_with_new_clip_and_corner.webp\"},{\"@type\":\"BreadcrumbList\",\"@id\":\"https:\\\/\\\/cladiator.com\\\/fr\\\/ressources-techniques\\\/#breadcrumb\",\"itemListElement\":[{\"@type\":\"ListItem\",\"position\":1,\"name\":\"Home\",\"item\":\"https:\\\/\\\/cladiator.com\\\/fr\\\/page-daccueil-2\\\/\"},{\"@type\":\"ListItem\",\"position\":2,\"name\":\"Ressources techniques\"}]},{\"@type\":\"WebSite\",\"@id\":\"https:\\\/\\\/cladiator.com\\\/#website\",\"url\":\"https:\\\/\\\/cladiator.com\\\/\",\"name\":\"Cladiator\",\"description\":\"\",\"publisher\":{\"@id\":\"https:\\\/\\\/cladiator.com\\\/#organization\"},\"potentialAction\":[{\"@type\":\"SearchAction\",\"target\":{\"@type\":\"EntryPoint\",\"urlTemplate\":\"https:\\\/\\\/cladiator.com\\\/?s={search_term_string}\"},\"query-input\":{\"@type\":\"PropertyValueSpecification\",\"valueRequired\":true,\"valueName\":\"search_term_string\"}}],\"inLanguage\":\"fr-FR\"},{\"@type\":\"Organization\",\"@id\":\"https:\\\/\\\/cladiator.com\\\/#organization\",\"name\":\"Cladiator\",\"url\":\"https:\\\/\\\/cladiator.com\\\/\",\"logo\":{\"@type\":\"ImageObject\",\"inLanguage\":\"fr-FR\",\"@id\":\"https:\\\/\\\/cladiator.com\\\/#\\\/schema\\\/logo\\\/image\\\/\",\"url\":\"https:\\\/\\\/cladiator.com\\\/wp-content\\\/uploads\\\/2023\\\/03\\\/logo.svg\",\"contentUrl\":\"https:\\\/\\\/cladiator.com\\\/wp-content\\\/uploads\\\/2023\\\/03\\\/logo.svg\",\"width\":123,\"height\":22,\"caption\":\"Cladiator\"},\"image\":{\"@id\":\"https:\\\/\\\/cladiator.com\\\/#\\\/schema\\\/logo\\\/image\\\/\"},\"sameAs\":[\"https:\\\/\\\/www.facebook.com\\\/people\\\/Cladiator\\\/100049662201765\\\/\",\"https:\\\/\\\/www.linkedin.com\\\/company\\\/cladiator\\\/\",\"https:\\\/\\\/www.youtube.com\\\/@cladiator2928\\\/featured\"]}]}<\/script>\n<!-- \/ Yoast SEO plugin. -->","yoast_head_json":{"title":"Cladiator - Ressources techniques - Bardage \u00e0 rupture thermique","description":"Lisez nos ressources techniques sur nos bardages \u00e0 rupture de pont thermique pour comprendre comment ils sont durables et assurent la ventilation de l'air et de l'humidit\u00e9.","robots":{"index":"index","follow":"follow","max-snippet":"max-snippet:-1","max-image-preview":"max-image-preview:large","max-video-preview":"max-video-preview:-1"},"canonical":"https:\/\/cladiator.com\/fr\/ressources-techniques\/","og_locale":"fr_FR","og_type":"article","og_title":"Cladiator - Ressources techniques - Bardage \u00e0 rupture thermique","og_description":"Lisez nos ressources techniques sur nos bardages \u00e0 rupture de pont thermique pour comprendre comment ils sont durables et assurent la ventilation de l'air et de l'humidit\u00e9.","og_url":"https:\/\/cladiator.com\/fr\/ressources-techniques\/","og_site_name":"Cladiator","article_publisher":"https:\/\/www.facebook.com\/people\/Cladiator\/100049662201765\/","article_modified_time":"2026-03-13T15:21:36+00:00","og_image":[{"width":800,"height":811,"url":"https:\/\/cladiator.com\/wp-content\/uploads\/2026\/02\/System_300_with_new_clip_and_corner.webp","type":"image\/webp"}],"twitter_card":"summary_large_image","twitter_misc":{"Dur\u00e9e de lecture estim\u00e9e":"2 minutes"},"schema":{"@context":"https:\/\/schema.org","@graph":[{"@type":"WebPage","@id":"https:\/\/cladiator.com\/fr\/ressources-techniques\/","url":"https:\/\/cladiator.com\/fr\/ressources-techniques\/","name":"Cladiator - Ressources techniques - Bardage \u00e0 rupture thermique","isPartOf":{"@id":"https:\/\/cladiator.com\/#website"},"primaryImageOfPage":{"@id":"https:\/\/cladiator.com\/fr\/ressources-techniques\/#primaryimage"},"image":{"@id":"https:\/\/cladiator.com\/fr\/ressources-techniques\/#primaryimage"},"thumbnailUrl":"https:\/\/cladiator.com\/wp-content\/uploads\/2026\/02\/System_300_with_new_clip_and_corner.webp","datePublished":"2023-06-06T20:45:01+00:00","dateModified":"2026-03-13T15:21:36+00:00","description":"Lisez nos ressources techniques sur nos bardages \u00e0 rupture de pont thermique pour comprendre comment ils sont durables et assurent la ventilation de l'air et de l'humidit\u00e9.","breadcrumb":{"@id":"https:\/\/cladiator.com\/fr\/ressources-techniques\/#breadcrumb"},"inLanguage":"fr-FR","potentialAction":[{"@type":"ReadAction","target":["https:\/\/cladiator.com\/fr\/ressources-techniques\/"]}]},{"@type":"ImageObject","inLanguage":"fr-FR","@id":"https:\/\/cladiator.com\/fr\/ressources-techniques\/#primaryimage","url":"https:\/\/cladiator.com\/wp-content\/uploads\/2026\/02\/System_300_with_new_clip_and_corner.webp","contentUrl":"https:\/\/cladiator.com\/wp-content\/uploads\/2026\/02\/System_300_with_new_clip_and_corner.webp"},{"@type":"BreadcrumbList","@id":"https:\/\/cladiator.com\/fr\/ressources-techniques\/#breadcrumb","itemListElement":[{"@type":"ListItem","position":1,"name":"Home","item":"https:\/\/cladiator.com\/fr\/page-daccueil-2\/"},{"@type":"ListItem","position":2,"name":"Ressources techniques"}]},{"@type":"WebSite","@id":"https:\/\/cladiator.com\/#website","url":"https:\/\/cladiator.com\/","name":"Cladiator","description":"","publisher":{"@id":"https:\/\/cladiator.com\/#organization"},"potentialAction":[{"@type":"SearchAction","target":{"@type":"EntryPoint","urlTemplate":"https:\/\/cladiator.com\/?s={search_term_string}"},"query-input":{"@type":"PropertyValueSpecification","valueRequired":true,"valueName":"search_term_string"}}],"inLanguage":"fr-FR"},{"@type":"Organization","@id":"https:\/\/cladiator.com\/#organization","name":"Cladiator","url":"https:\/\/cladiator.com\/","logo":{"@type":"ImageObject","inLanguage":"fr-FR","@id":"https:\/\/cladiator.com\/#\/schema\/logo\/image\/","url":"https:\/\/cladiator.com\/wp-content\/uploads\/2023\/03\/logo.svg","contentUrl":"https:\/\/cladiator.com\/wp-content\/uploads\/2023\/03\/logo.svg","width":123,"height":22,"caption":"Cladiator"},"image":{"@id":"https:\/\/cladiator.com\/#\/schema\/logo\/image\/"},"sameAs":["https:\/\/www.facebook.com\/people\/Cladiator\/100049662201765\/","https:\/\/www.linkedin.com\/company\/cladiator\/","https:\/\/www.youtube.com\/@cladiator2928\/featured"]}]}},"_links":{"self":[{"href":"https:\/\/cladiator.com\/fr\/wp-json\/wp\/v2\/pages\/501349","targetHints":{"allow":["GET"]}}],"collection":[{"href":"https:\/\/cladiator.com\/fr\/wp-json\/wp\/v2\/pages"}],"about":[{"href":"https:\/\/cladiator.com\/fr\/wp-json\/wp\/v2\/types\/page"}],"author":[{"embeddable":true,"href":"https:\/\/cladiator.com\/fr\/wp-json\/wp\/v2\/users\/2"}],"replies":[{"embeddable":true,"href":"https:\/\/cladiator.com\/fr\/wp-json\/wp\/v2\/comments?post=501349"}],"version-history":[{"count":6,"href":"https:\/\/cladiator.com\/fr\/wp-json\/wp\/v2\/pages\/501349\/revisions"}],"predecessor-version":[{"id":2518042,"href":"https:\/\/cladiator.com\/fr\/wp-json\/wp\/v2\/pages\/501349\/revisions\/2518042"}],"wp:attachment":[{"href":"https:\/\/cladiator.com\/fr\/wp-json\/wp\/v2\/media?parent=501349"}],"curies":[{"name":"wp","href":"https:\/\/api.w.org\/{rel}","templated":true}]}}