{"id":2517828,"date":"2026-03-12T09:40:03","date_gmt":"2026-03-12T13:40:03","guid":{"rendered":"https:\/\/cladiator.com\/accessoires\/"},"modified":"2026-03-20T16:38:14","modified_gmt":"2026-03-20T20:38:14","slug":"accessoires","status":"publish","type":"page","link":"https:\/\/cladiator.com\/fr\/produits\/accessoires\/","title":{"rendered":"Accessoires"},"content":{"rendered":"\t\t<div data-elementor-type=\"wp-page\" data-elementor-id=\"2517828\" class=\"elementor elementor-2517828 elementor-2517820\" data-elementor-post-type=\"page\">\n\t\t\t\t<div class=\"elementor-element elementor-element-f09e3e5 e-flex e-con-boxed e-con e-parent\" data-id=\"f09e3e5\" data-element_type=\"container\" data-e-type=\"container\" data-settings=\"{&quot;background_background&quot;:&quot;classic&quot;}\">\n\t\t\t\t\t<div class=\"e-con-inner\">\n\t\t\t\t<div class=\"elementor-element elementor-element-2dfb89a elementor-widget elementor-widget-heading\" data-id=\"2dfb89a\" data-element_type=\"widget\" data-e-type=\"widget\" data-widget_type=\"heading.default\">\n\t\t\t\t<div class=\"elementor-widget-container\">\n\t\t\t\t\t<h1 class=\"elementor-heading-title elementor-size-default\">Accessoires<\/h1>\t\t\t\t<\/div>\n\t\t\t\t<\/div>\n\t\t\t\t\t<\/div>\n\t\t\t\t<\/div>\n\t\t<div class=\"elementor-element elementor-element-ab5facc e-flex e-con-boxed e-con e-parent\" data-id=\"ab5facc\" data-element_type=\"container\" data-e-type=\"container\">\n\t\t\t\t\t<div class=\"e-con-inner\">\n\t\t<div class=\"elementor-element elementor-element-965f077 e-flex e-con-boxed e-con e-child\" data-id=\"965f077\" data-element_type=\"container\" data-e-type=\"container\">\n\t\t\t\t\t<div class=\"e-con-inner\">\n\t\t<div class=\"elementor-element elementor-element-052534d e-con-full e-flex e-con e-child\" data-id=\"052534d\" data-element_type=\"container\" data-e-type=\"container\">\n\t\t\t\t<div class=\"elementor-element elementor-element-c8c46ab elementor-widget elementor-widget-image\" data-id=\"c8c46ab\" data-element_type=\"widget\" data-e-type=\"widget\" data-widget_type=\"image.default\">\n\t\t\t\t<div class=\"elementor-widget-container\">\n\t\t\t\t\t\t\t\t\t\t\t\t\t\t\t<img fetchpriority=\"high\" decoding=\"async\" width=\"800\" height=\"450\" src=\"https:\/\/cladiator.com\/wp-content\/uploads\/2026\/03\/L-Angle-Preview.webp\" class=\"attachment-large size-large wp-image-2518128\" alt=\"\" srcset=\"https:\/\/cladiator.com\/wp-content\/uploads\/2026\/03\/L-Angle-Preview.webp 800w, https:\/\/cladiator.com\/wp-content\/uploads\/2026\/03\/L-Angle-Preview-300x169.webp 300w, https:\/\/cladiator.com\/wp-content\/uploads\/2026\/03\/L-Angle-Preview-768x432.webp 768w\" sizes=\"(max-width: 800px) 100vw, 800px\" \/>\t\t\t\t\t\t\t\t\t\t\t\t\t\t\t<\/div>\n\t\t\t\t<\/div>\n\t\t<div class=\"elementor-element elementor-element-d39ca83 e-flex e-con-boxed e-con e-child\" data-id=\"d39ca83\" data-element_type=\"container\" data-e-type=\"container\" data-settings=\"{&quot;background_background&quot;:&quot;classic&quot;}\">\n\t\t\t\t\t<div class=\"e-con-inner\">\n\t\t<div class=\"elementor-element elementor-element-e87a885 e-con-full e-flex e-con e-child\" data-id=\"e87a885\" data-element_type=\"container\" data-e-type=\"container\">\n\t\t\t\t<div class=\"elementor-element elementor-element-699c1ee elementor-widget elementor-widget-heading\" data-id=\"699c1ee\" data-element_type=\"widget\" data-e-type=\"widget\" data-widget_type=\"heading.default\">\n\t\t\t\t<div class=\"elementor-widget-container\">\n\t\t\t\t\t<h2 class=\"elementor-heading-title elementor-size-default\">FRP L-Angle<span style=\"color:#afd237\">.<\/span><\/h2>\t\t\t\t<\/div>\n\t\t\t\t<\/div>\n\t\t\t\t<div class=\"elementor-element elementor-element-41b7b88 elementor-widget elementor-widget-text-editor\" data-id=\"41b7b88\" data-element_type=\"widget\" data-e-type=\"widget\" data-widget_type=\"text-editor.default\">\n\t\t\t\t<div class=\"elementor-widget-container\">\n\t\t\t\t\t\t\t\t\t<p>Le <sup>CLADIATOR\u00ae<\/sup> FRP L-Angle est un profil\u00e9 d&rsquo;habillage FRP non porteur con\u00e7u pour maintenir la continuit\u00e9 thermique dans les assemblages de pare-pluie.  <\/p>\t\t\t\t\t\t\t\t<\/div>\n\t\t\t\t<\/div>\n\t\t\t\t<\/div>\n\t\t\t\t<div class=\"elementor-element elementor-element-772046b elementor-widget elementor-widget-button\" data-id=\"772046b\" data-element_type=\"widget\" data-e-type=\"widget\" data-widget_type=\"button.default\">\n\t\t\t\t<div class=\"elementor-widget-container\">\n\t\t\t\t\t\t\t\t\t<div class=\"elementor-button-wrapper\">\n\t\t\t\t\t<a class=\"elementor-button elementor-button-link elementor-size-sm\" href=\"https:\/\/cladiator.com\/fr\/produits\/accessoires\/frp-l-angle\/\">\n\t\t\t\t\t\t<span class=\"elementor-button-content-wrapper\">\n\t\t\t\t\t\t\t\t\t<span class=\"elementor-button-text\">EN SAVOIR PLUS<\/span>\n\t\t\t\t\t<\/span>\n\t\t\t\t\t<\/a>\n\t\t\t\t<\/div>\n\t\t\t\t\t\t\t\t<\/div>\n\t\t\t\t<\/div>\n\t\t\t\t\t<\/div>\n\t\t\t\t<\/div>\n\t\t\t\t<\/div>\n\t\t<div class=\"elementor-element elementor-element-a2bcbb2 e-con-full e-flex e-con e-child\" data-id=\"a2bcbb2\" data-element_type=\"container\" data-e-type=\"container\">\n\t\t\t\t<div class=\"elementor-element elementor-element-2583f1e elementor-widget elementor-widget-image\" data-id=\"2583f1e\" data-element_type=\"widget\" data-e-type=\"widget\" data-widget_type=\"image.default\">\n\t\t\t\t<div class=\"elementor-widget-container\">\n\t\t\t\t\t\t\t\t\t\t\t\t\t\t\t<img decoding=\"async\" width=\"718\" height=\"594\" src=\"https:\/\/cladiator.com\/wp-content\/uploads\/2026\/03\/Slotted-Z-Girt-Clips-_1_.webp\" class=\"attachment-large size-large wp-image-2517824\" alt=\"\" srcset=\"https:\/\/cladiator.com\/wp-content\/uploads\/2026\/03\/Slotted-Z-Girt-Clips-_1_.webp 718w, https:\/\/cladiator.com\/wp-content\/uploads\/2026\/03\/Slotted-Z-Girt-Clips-_1_-300x248.webp 300w\" sizes=\"(max-width: 718px) 100vw, 718px\" \/>\t\t\t\t\t\t\t\t\t\t\t\t\t\t\t<\/div>\n\t\t\t\t<\/div>\n\t\t<div class=\"elementor-element elementor-element-8e33181 e-flex e-con-boxed e-con e-child\" data-id=\"8e33181\" data-element_type=\"container\" data-e-type=\"container\" data-settings=\"{&quot;background_background&quot;:&quot;classic&quot;}\">\n\t\t\t\t\t<div class=\"e-con-inner\">\n\t\t\t\t<div class=\"elementor-element elementor-element-fee36aa elementor-widget elementor-widget-heading\" data-id=\"fee36aa\" data-element_type=\"widget\" data-e-type=\"widget\" data-widget_type=\"heading.default\">\n\t\t\t\t<div class=\"elementor-widget-container\">\n\t\t\t\t\t<h2 class=\"elementor-heading-title elementor-size-default\">Slotted-Z Clips<span style=\"color:#afd237\">.<\/span><\/h2>\t\t\t\t<\/div>\n\t\t\t\t<\/div>\n\t\t\t\t<div class=\"elementor-element elementor-element-4a9b561 elementor-widget elementor-widget-text-editor\" data-id=\"4a9b561\" data-element_type=\"widget\" data-e-type=\"widget\" data-widget_type=\"text-editor.default\">\n\t\t\t\t<div class=\"elementor-widget-container\">\n\t\t\t\t\t\t\t\t\t<p>Le Slotted-Z est une jupe en Z en fibre de verre qui permet de r\u00e9aliser des applications d&rsquo;isolation continue tout en respectant les principes d&rsquo;un v\u00e9ritable \u00e9cran pare-pluie. Notre ROCKETStick\u2122 fournit des moyens de fixation pour tous les types d&rsquo;isolation.<\/p>\t\t\t\t\t\t\t\t<\/div>\n\t\t\t\t<\/div>\n\t\t\t\t<div class=\"elementor-element elementor-element-7cfc771 elementor-widget elementor-widget-button\" data-id=\"7cfc771\" data-element_type=\"widget\" data-e-type=\"widget\" data-widget_type=\"button.default\">\n\t\t\t\t<div class=\"elementor-widget-container\">\n\t\t\t\t\t\t\t\t\t<div class=\"elementor-button-wrapper\">\n\t\t\t\t\t<a class=\"elementor-button elementor-button-link elementor-size-sm\" href=\"https:\/\/cladiator.com\/fr\/produits\/accessoires\/slotted-z-girt-clips\/\">\n\t\t\t\t\t\t<span class=\"elementor-button-content-wrapper\">\n\t\t\t\t\t\t\t\t\t<span class=\"elementor-button-text\">EN SAVOIR PLUS<\/span>\n\t\t\t\t\t<\/span>\n\t\t\t\t\t<\/a>\n\t\t\t\t<\/div>\n\t\t\t\t\t\t\t\t<\/div>\n\t\t\t\t<\/div>\n\t\t\t\t\t<\/div>\n\t\t\t\t<\/div>\n\t\t\t\t<\/div>\n\t\t\t\t\t<\/div>\n\t\t\t\t<\/div>\n\t\t\t\t\t<\/div>\n\t\t\t\t<\/div>\n\t\t\t\t<\/div>\n\t\t","protected":false},"excerpt":{"rendered":"<p>Accessoires FRP L-Angle. Le CLADIATOR\u00ae FRP L-Angle est un profil\u00e9 d&rsquo;habillage FRP non porteur con\u00e7u pour maintenir la continuit\u00e9 thermique dans les assemblages de pare-pluie. EN SAVOIR PLUS Slotted-Z Clips. Le Slotted-Z est une jupe en Z en fibre de verre qui permet de r\u00e9aliser des applications d&rsquo;isolation continue tout en respectant les principes d&rsquo;un [&hellip;]<\/p>\n","protected":false},"author":1003,"featured_media":0,"parent":501297,"menu_order":0,"comment_status":"closed","ping_status":"closed","template":"","meta":{"footnotes":""},"class_list":["post-2517828","page","type-page","status-publish","hentry"],"yoast_head":"<!-- This site is optimized with the Yoast SEO plugin v27.4 - https:\/\/yoast.com\/product\/yoast-seo-wordpress\/ -->\n<title>Cladiator - Produits - Syst\u00e8me de bardage isolant<\/title>\n<meta name=\"description\" content=\"Nos syst\u00e8mes de bardage isol\u00e9s sont fabriqu\u00e9s de mani\u00e8re \u00e0 int\u00e9grer une coupure thermique et les principes de l&#039;\u00e9cran de pluie pour une meilleure efficacit\u00e9 \u00e9nerg\u00e9tique.\" \/>\n<meta name=\"robots\" content=\"index, follow, max-snippet:-1, max-image-preview:large, max-video-preview:-1\" \/>\n<link rel=\"canonical\" href=\"https:\/\/cladiator.com\/products\/accessories\/\" \/>\n<meta property=\"og:locale\" content=\"fr_FR\" \/>\n<meta property=\"og:type\" content=\"article\" \/>\n<meta property=\"og:title\" content=\"Cladiator - Produits - Syst\u00e8me de bardage isolant\" \/>\n<meta property=\"og:description\" content=\"Nos syst\u00e8mes de bardage isol\u00e9s sont fabriqu\u00e9s de mani\u00e8re \u00e0 int\u00e9grer une coupure thermique et les principes de l&#039;\u00e9cran de pluie pour une meilleure efficacit\u00e9 \u00e9nerg\u00e9tique.\" \/>\n<meta property=\"og:url\" content=\"https:\/\/cladiator.com\/products\/accessories\/\" \/>\n<meta property=\"og:site_name\" content=\"Cladiator\" \/>\n<meta property=\"article:publisher\" content=\"https:\/\/www.facebook.com\/people\/Cladiator\/100049662201765\/\" \/>\n<meta property=\"article:modified_time\" content=\"2026-03-20T20:38:14+00:00\" \/>\n<meta property=\"og:image\" content=\"https:\/\/cladiator.com\/wp-content\/uploads\/2026\/03\/L-Angle-Preview.webp\" \/>\n\t<meta property=\"og:image:width\" content=\"800\" \/>\n\t<meta property=\"og:image:height\" content=\"450\" \/>\n\t<meta property=\"og:image:type\" content=\"image\/webp\" \/>\n<meta name=\"twitter:card\" content=\"summary_large_image\" \/>\n<meta name=\"twitter:label1\" content=\"Dur\u00e9e de lecture estim\u00e9e\" \/>\n\t<meta name=\"twitter:data1\" content=\"1 minute\" \/>\n<script type=\"application\/ld+json\" class=\"yoast-schema-graph\">{\"@context\":\"https:\\\/\\\/schema.org\",\"@graph\":[{\"@type\":\"WebPage\",\"@id\":\"https:\\\/\\\/cladiator.com\\\/products\\\/accessories\\\/\",\"url\":\"https:\\\/\\\/cladiator.com\\\/products\\\/accessories\\\/\",\"name\":\"Cladiator - Produits - Syst\u00e8me de bardage isolant\",\"isPartOf\":{\"@id\":\"https:\\\/\\\/cladiator.com\\\/#website\"},\"primaryImageOfPage\":{\"@id\":\"https:\\\/\\\/cladiator.com\\\/products\\\/accessories\\\/#primaryimage\"},\"image\":{\"@id\":\"https:\\\/\\\/cladiator.com\\\/products\\\/accessories\\\/#primaryimage\"},\"thumbnailUrl\":\"https:\\\/\\\/cladiator.com\\\/wp-content\\\/uploads\\\/2026\\\/03\\\/L-Angle-Preview.webp\",\"datePublished\":\"2026-03-12T13:40:03+00:00\",\"dateModified\":\"2026-03-20T20:38:14+00:00\",\"description\":\"Nos syst\u00e8mes de bardage isol\u00e9s sont fabriqu\u00e9s de mani\u00e8re \u00e0 int\u00e9grer une coupure thermique et les principes de l'\u00e9cran de pluie pour une meilleure efficacit\u00e9 \u00e9nerg\u00e9tique.\",\"breadcrumb\":{\"@id\":\"https:\\\/\\\/cladiator.com\\\/products\\\/accessories\\\/#breadcrumb\"},\"inLanguage\":\"fr-FR\",\"potentialAction\":[{\"@type\":\"ReadAction\",\"target\":[\"https:\\\/\\\/cladiator.com\\\/products\\\/accessories\\\/\"]}]},{\"@type\":\"ImageObject\",\"inLanguage\":\"fr-FR\",\"@id\":\"https:\\\/\\\/cladiator.com\\\/products\\\/accessories\\\/#primaryimage\",\"url\":\"https:\\\/\\\/cladiator.com\\\/wp-content\\\/uploads\\\/2026\\\/03\\\/L-Angle-Preview.webp\",\"contentUrl\":\"https:\\\/\\\/cladiator.com\\\/wp-content\\\/uploads\\\/2026\\\/03\\\/L-Angle-Preview.webp\"},{\"@type\":\"BreadcrumbList\",\"@id\":\"https:\\\/\\\/cladiator.com\\\/products\\\/accessories\\\/#breadcrumb\",\"itemListElement\":[{\"@type\":\"ListItem\",\"position\":1,\"name\":\"Home\",\"item\":\"https:\\\/\\\/cladiator.com\\\/fr\\\/page-daccueil-2\\\/\"},{\"@type\":\"ListItem\",\"position\":2,\"name\":\"Produits\",\"item\":\"https:\\\/\\\/cladiator.com\\\/fr\\\/produits\\\/\"},{\"@type\":\"ListItem\",\"position\":3,\"name\":\"Accessoires\"}]},{\"@type\":\"WebSite\",\"@id\":\"https:\\\/\\\/cladiator.com\\\/#website\",\"url\":\"https:\\\/\\\/cladiator.com\\\/\",\"name\":\"Cladiator\",\"description\":\"\",\"publisher\":{\"@id\":\"https:\\\/\\\/cladiator.com\\\/#organization\"},\"potentialAction\":[{\"@type\":\"SearchAction\",\"target\":{\"@type\":\"EntryPoint\",\"urlTemplate\":\"https:\\\/\\\/cladiator.com\\\/?s={search_term_string}\"},\"query-input\":{\"@type\":\"PropertyValueSpecification\",\"valueRequired\":true,\"valueName\":\"search_term_string\"}}],\"inLanguage\":\"fr-FR\"},{\"@type\":\"Organization\",\"@id\":\"https:\\\/\\\/cladiator.com\\\/#organization\",\"name\":\"Cladiator\",\"url\":\"https:\\\/\\\/cladiator.com\\\/\",\"logo\":{\"@type\":\"ImageObject\",\"inLanguage\":\"fr-FR\",\"@id\":\"https:\\\/\\\/cladiator.com\\\/#\\\/schema\\\/logo\\\/image\\\/\",\"url\":\"https:\\\/\\\/cladiator.com\\\/wp-content\\\/uploads\\\/2023\\\/03\\\/logo.svg\",\"contentUrl\":\"https:\\\/\\\/cladiator.com\\\/wp-content\\\/uploads\\\/2023\\\/03\\\/logo.svg\",\"width\":123,\"height\":22,\"caption\":\"Cladiator\"},\"image\":{\"@id\":\"https:\\\/\\\/cladiator.com\\\/#\\\/schema\\\/logo\\\/image\\\/\"},\"sameAs\":[\"https:\\\/\\\/www.facebook.com\\\/people\\\/Cladiator\\\/100049662201765\\\/\",\"https:\\\/\\\/www.linkedin.com\\\/company\\\/cladiator\\\/\",\"https:\\\/\\\/www.youtube.com\\\/@cladiator2928\\\/featured\"]}]}<\/script>\n<!-- \/ Yoast SEO plugin. -->","yoast_head_json":{"title":"Cladiator - Produits - Syst\u00e8me de bardage isolant","description":"Nos syst\u00e8mes de bardage isol\u00e9s sont fabriqu\u00e9s de mani\u00e8re \u00e0 int\u00e9grer une coupure thermique et les principes de l'\u00e9cran de pluie pour une meilleure efficacit\u00e9 \u00e9nerg\u00e9tique.","robots":{"index":"index","follow":"follow","max-snippet":"max-snippet:-1","max-image-preview":"max-image-preview:large","max-video-preview":"max-video-preview:-1"},"canonical":"https:\/\/cladiator.com\/products\/accessories\/","og_locale":"fr_FR","og_type":"article","og_title":"Cladiator - Produits - Syst\u00e8me de bardage isolant","og_description":"Nos syst\u00e8mes de bardage isol\u00e9s sont fabriqu\u00e9s de mani\u00e8re \u00e0 int\u00e9grer une coupure thermique et les principes de l'\u00e9cran de pluie pour une meilleure efficacit\u00e9 \u00e9nerg\u00e9tique.","og_url":"https:\/\/cladiator.com\/products\/accessories\/","og_site_name":"Cladiator","article_publisher":"https:\/\/www.facebook.com\/people\/Cladiator\/100049662201765\/","article_modified_time":"2026-03-20T20:38:14+00:00","og_image":[{"width":800,"height":450,"url":"https:\/\/cladiator.com\/wp-content\/uploads\/2026\/03\/L-Angle-Preview.webp","type":"image\/webp"}],"twitter_card":"summary_large_image","twitter_misc":{"Dur\u00e9e de lecture estim\u00e9e":"1 minute"},"schema":{"@context":"https:\/\/schema.org","@graph":[{"@type":"WebPage","@id":"https:\/\/cladiator.com\/products\/accessories\/","url":"https:\/\/cladiator.com\/products\/accessories\/","name":"Cladiator - Produits - Syst\u00e8me de bardage isolant","isPartOf":{"@id":"https:\/\/cladiator.com\/#website"},"primaryImageOfPage":{"@id":"https:\/\/cladiator.com\/products\/accessories\/#primaryimage"},"image":{"@id":"https:\/\/cladiator.com\/products\/accessories\/#primaryimage"},"thumbnailUrl":"https:\/\/cladiator.com\/wp-content\/uploads\/2026\/03\/L-Angle-Preview.webp","datePublished":"2026-03-12T13:40:03+00:00","dateModified":"2026-03-20T20:38:14+00:00","description":"Nos syst\u00e8mes de bardage isol\u00e9s sont fabriqu\u00e9s de mani\u00e8re \u00e0 int\u00e9grer une coupure thermique et les principes de l'\u00e9cran de pluie pour une meilleure efficacit\u00e9 \u00e9nerg\u00e9tique.","breadcrumb":{"@id":"https:\/\/cladiator.com\/products\/accessories\/#breadcrumb"},"inLanguage":"fr-FR","potentialAction":[{"@type":"ReadAction","target":["https:\/\/cladiator.com\/products\/accessories\/"]}]},{"@type":"ImageObject","inLanguage":"fr-FR","@id":"https:\/\/cladiator.com\/products\/accessories\/#primaryimage","url":"https:\/\/cladiator.com\/wp-content\/uploads\/2026\/03\/L-Angle-Preview.webp","contentUrl":"https:\/\/cladiator.com\/wp-content\/uploads\/2026\/03\/L-Angle-Preview.webp"},{"@type":"BreadcrumbList","@id":"https:\/\/cladiator.com\/products\/accessories\/#breadcrumb","itemListElement":[{"@type":"ListItem","position":1,"name":"Home","item":"https:\/\/cladiator.com\/fr\/page-daccueil-2\/"},{"@type":"ListItem","position":2,"name":"Produits","item":"https:\/\/cladiator.com\/fr\/produits\/"},{"@type":"ListItem","position":3,"name":"Accessoires"}]},{"@type":"WebSite","@id":"https:\/\/cladiator.com\/#website","url":"https:\/\/cladiator.com\/","name":"Cladiator","description":"","publisher":{"@id":"https:\/\/cladiator.com\/#organization"},"potentialAction":[{"@type":"SearchAction","target":{"@type":"EntryPoint","urlTemplate":"https:\/\/cladiator.com\/?s={search_term_string}"},"query-input":{"@type":"PropertyValueSpecification","valueRequired":true,"valueName":"search_term_string"}}],"inLanguage":"fr-FR"},{"@type":"Organization","@id":"https:\/\/cladiator.com\/#organization","name":"Cladiator","url":"https:\/\/cladiator.com\/","logo":{"@type":"ImageObject","inLanguage":"fr-FR","@id":"https:\/\/cladiator.com\/#\/schema\/logo\/image\/","url":"https:\/\/cladiator.com\/wp-content\/uploads\/2023\/03\/logo.svg","contentUrl":"https:\/\/cladiator.com\/wp-content\/uploads\/2023\/03\/logo.svg","width":123,"height":22,"caption":"Cladiator"},"image":{"@id":"https:\/\/cladiator.com\/#\/schema\/logo\/image\/"},"sameAs":["https:\/\/www.facebook.com\/people\/Cladiator\/100049662201765\/","https:\/\/www.linkedin.com\/company\/cladiator\/","https:\/\/www.youtube.com\/@cladiator2928\/featured"]}]}},"_links":{"self":[{"href":"https:\/\/cladiator.com\/fr\/wp-json\/wp\/v2\/pages\/2517828","targetHints":{"allow":["GET"]}}],"collection":[{"href":"https:\/\/cladiator.com\/fr\/wp-json\/wp\/v2\/pages"}],"about":[{"href":"https:\/\/cladiator.com\/fr\/wp-json\/wp\/v2\/types\/page"}],"author":[{"embeddable":true,"href":"https:\/\/cladiator.com\/fr\/wp-json\/wp\/v2\/users\/1003"}],"replies":[{"embeddable":true,"href":"https:\/\/cladiator.com\/fr\/wp-json\/wp\/v2\/comments?post=2517828"}],"version-history":[{"count":13,"href":"https:\/\/cladiator.com\/fr\/wp-json\/wp\/v2\/pages\/2517828\/revisions"}],"predecessor-version":[{"id":2518132,"href":"https:\/\/cladiator.com\/fr\/wp-json\/wp\/v2\/pages\/2517828\/revisions\/2518132"}],"up":[{"embeddable":true,"href":"https:\/\/cladiator.com\/fr\/wp-json\/wp\/v2\/pages\/501297"}],"wp:attachment":[{"href":"https:\/\/cladiator.com\/fr\/wp-json\/wp\/v2\/media?parent=2517828"}],"curies":[{"name":"wp","href":"https:\/\/api.w.org\/{rel}","templated":true}]}}