{"id":2517244,"date":"2025-11-04T07:21:52","date_gmt":"2025-11-04T12:21:52","guid":{"rendered":"https:\/\/cladiator.com\/page-datterrissage\/merci-lp\/"},"modified":"2026-03-05T11:27:05","modified_gmt":"2026-03-05T16:27:05","slug":"merci-lp","status":"publish","type":"page","link":"https:\/\/cladiator.com\/fr\/page-datterrissage\/merci-lp\/","title":{"rendered":"Merci &#8211; LP"},"content":{"rendered":"\t\t<div data-elementor-type=\"wp-page\" data-elementor-id=\"2517244\" class=\"elementor elementor-2517244 elementor-2517239\" data-elementor-post-type=\"page\">\n\t\t\t\t<div class=\"elementor-element elementor-element-8f7f89d e-flex e-con-boxed e-con e-parent\" data-id=\"8f7f89d\" data-element_type=\"container\" data-e-type=\"container\" data-settings=\"{&quot;background_background&quot;:&quot;classic&quot;}\">\n\t\t\t\t\t<div class=\"e-con-inner\">\n\t\t\t\t<div class=\"elementor-element elementor-element-bdd5494 elementor-widget elementor-widget-html\" data-id=\"bdd5494\" data-element_type=\"widget\" data-e-type=\"widget\" data-widget_type=\"html.default\">\n\t\t\t\t<div class=\"elementor-widget-container\">\n\t\t\t\t\t<script>(function () {\n  function pushEnhancedConversionData() {\n    var email = sessionStorage.getItem(\"ec_email\");\n    var name = sessionStorage.getItem(\"ec_name\");\n\n    \/\/ If nothing is stored, do nothing\n    if (!email && !name) return;\n\n    window.dataLayer = window.dataLayer || [];\n    window.dataLayer.push({\n      event: \"enhanced_conversion_data\",\n      email: email || undefined,\n      name: name || undefined\n    });\n\n    \/\/ Clear after pushing to avoid reusing old data\n    sessionStorage.removeItem(\"ec_email\");\n    sessionStorage.removeItem(\"ec_name\");\n  }\n\n  if (document.readyState === \"loading\") {\n    document.addEventListener(\"DOMContentLoaded\", pushEnhancedConversionData);\n  } else {\n    pushEnhancedConversionData();\n  }\n})();\n<\/script>\t\t\t\t<\/div>\n\t\t\t\t<\/div>\n\t\t\t\t<div class=\"elementor-element elementor-element-daaa6e8 elementor-widget-tablet__width-initial elementor-widget elementor-widget-heading\" data-id=\"daaa6e8\" data-element_type=\"widget\" data-e-type=\"widget\" data-widget_type=\"heading.default\">\n\t\t\t\t<div class=\"elementor-widget-container\">\n\t\t\t\t\t<h2 class=\"elementor-heading-title elementor-size-default\">Merci de nous avoir contact\u00e9s !<\/h2>\t\t\t\t<\/div>\n\t\t\t\t<\/div>\n\t\t\t\t<div class=\"elementor-element elementor-element-1d9bcc6 elementor-widget__width-initial elementor-widget elementor-widget-text-editor\" data-id=\"1d9bcc6\" data-element_type=\"widget\" data-e-type=\"widget\" data-widget_type=\"text-editor.default\">\n\t\t\t\t<div class=\"elementor-widget-container\">\n\t\t\t\t\t\t\t\t\t<p>Notre \u00e9quipe vous r\u00e9pondra dans les plus brefs d\u00e9lais.<\/p>\t\t\t\t\t\t\t\t<\/div>\n\t\t\t\t<\/div>\n\t\t\t\t\t<\/div>\n\t\t\t\t<\/div>\n\t\t\t\t<\/div>\n\t\t","protected":false},"excerpt":{"rendered":"<p>Merci de nous avoir contact\u00e9s ! Notre \u00e9quipe vous r\u00e9pondra dans les plus brefs d\u00e9lais.<\/p>\n","protected":false},"author":1003,"featured_media":0,"parent":2516941,"menu_order":0,"comment_status":"closed","ping_status":"closed","template":"","meta":{"footnotes":""},"class_list":["post-2517244","page","type-page","status-publish","hentry"],"yoast_head":"<!-- This site is optimized with the Yoast SEO plugin v27.3 - https:\/\/yoast.com\/product\/yoast-seo-wordpress\/ -->\n<title>Cladiator - Merci - Bardage haute performance<\/title>\n<meta name=\"description\" content=\"Merci d&#039;avoir soumis une demande de renseignements ! Un membre de notre \u00e9quipe vous contactera bient\u00f4t pour vous parler de notre bardage haute performance !\" \/>\n<meta name=\"robots\" content=\"noindex, follow\" \/>\n<meta property=\"og:locale\" content=\"fr_FR\" \/>\n<meta property=\"og:type\" content=\"article\" \/>\n<meta property=\"og:title\" content=\"Cladiator - Merci - Bardage haute performance\" \/>\n<meta property=\"og:description\" content=\"Merci d&#039;avoir soumis une demande de renseignements ! Un membre de notre \u00e9quipe vous contactera bient\u00f4t pour vous parler de notre bardage haute performance !\" \/>\n<meta property=\"og:url\" content=\"https:\/\/cladiator.com\/fr\/page-datterrissage\/merci-lp\/\" \/>\n<meta property=\"og:site_name\" content=\"Cladiator\" \/>\n<meta property=\"article:publisher\" content=\"https:\/\/www.facebook.com\/people\/Cladiator\/100049662201765\/\" \/>\n<meta property=\"article:modified_time\" content=\"2026-03-05T16:27:05+00:00\" \/>\n<meta name=\"twitter:card\" content=\"summary_large_image\" \/>\n<script type=\"application\/ld+json\" class=\"yoast-schema-graph\">{\"@context\":\"https:\\\/\\\/schema.org\",\"@graph\":[{\"@type\":\"WebPage\",\"@id\":\"https:\\\/\\\/cladiator.com\\\/fr\\\/page-datterrissage\\\/merci-lp\\\/\",\"url\":\"https:\\\/\\\/cladiator.com\\\/fr\\\/page-datterrissage\\\/merci-lp\\\/\",\"name\":\"Cladiator - Merci - Bardage haute performance\",\"isPartOf\":{\"@id\":\"https:\\\/\\\/cladiator.com\\\/#website\"},\"datePublished\":\"2025-11-04T12:21:52+00:00\",\"dateModified\":\"2026-03-05T16:27:05+00:00\",\"description\":\"Merci d'avoir soumis une demande de renseignements ! Un membre de notre \u00e9quipe vous contactera bient\u00f4t pour vous parler de notre bardage haute performance !\",\"breadcrumb\":{\"@id\":\"https:\\\/\\\/cladiator.com\\\/fr\\\/page-datterrissage\\\/merci-lp\\\/#breadcrumb\"},\"inLanguage\":\"fr-FR\",\"potentialAction\":[{\"@type\":\"ReadAction\",\"target\":[\"https:\\\/\\\/cladiator.com\\\/fr\\\/page-datterrissage\\\/merci-lp\\\/\"]}]},{\"@type\":\"BreadcrumbList\",\"@id\":\"https:\\\/\\\/cladiator.com\\\/fr\\\/page-datterrissage\\\/merci-lp\\\/#breadcrumb\",\"itemListElement\":[{\"@type\":\"ListItem\",\"position\":1,\"name\":\"Home\",\"item\":\"https:\\\/\\\/cladiator.com\\\/fr\\\/page-daccueil-2\\\/\"},{\"@type\":\"ListItem\",\"position\":2,\"name\":\"Conception de pare-pluie sans pont thermique\",\"item\":\"https:\\\/\\\/cladiator.com\\\/fr\\\/page-datterrissage\\\/\"},{\"@type\":\"ListItem\",\"position\":3,\"name\":\"Merci &#8211; LP\"}]},{\"@type\":\"WebSite\",\"@id\":\"https:\\\/\\\/cladiator.com\\\/#website\",\"url\":\"https:\\\/\\\/cladiator.com\\\/\",\"name\":\"Cladiator\",\"description\":\"\",\"publisher\":{\"@id\":\"https:\\\/\\\/cladiator.com\\\/#organization\"},\"potentialAction\":[{\"@type\":\"SearchAction\",\"target\":{\"@type\":\"EntryPoint\",\"urlTemplate\":\"https:\\\/\\\/cladiator.com\\\/?s={search_term_string}\"},\"query-input\":{\"@type\":\"PropertyValueSpecification\",\"valueRequired\":true,\"valueName\":\"search_term_string\"}}],\"inLanguage\":\"fr-FR\"},{\"@type\":\"Organization\",\"@id\":\"https:\\\/\\\/cladiator.com\\\/#organization\",\"name\":\"Cladiator\",\"url\":\"https:\\\/\\\/cladiator.com\\\/\",\"logo\":{\"@type\":\"ImageObject\",\"inLanguage\":\"fr-FR\",\"@id\":\"https:\\\/\\\/cladiator.com\\\/#\\\/schema\\\/logo\\\/image\\\/\",\"url\":\"https:\\\/\\\/cladiator.com\\\/wp-content\\\/uploads\\\/2023\\\/03\\\/logo.svg\",\"contentUrl\":\"https:\\\/\\\/cladiator.com\\\/wp-content\\\/uploads\\\/2023\\\/03\\\/logo.svg\",\"width\":123,\"height\":22,\"caption\":\"Cladiator\"},\"image\":{\"@id\":\"https:\\\/\\\/cladiator.com\\\/#\\\/schema\\\/logo\\\/image\\\/\"},\"sameAs\":[\"https:\\\/\\\/www.facebook.com\\\/people\\\/Cladiator\\\/100049662201765\\\/\",\"https:\\\/\\\/www.linkedin.com\\\/company\\\/cladiator\\\/\",\"https:\\\/\\\/www.youtube.com\\\/@cladiator2928\\\/featured\"]}]}<\/script>\n<!-- \/ Yoast SEO plugin. -->","yoast_head_json":{"title":"Cladiator - Merci - Bardage haute performance","description":"Merci d'avoir soumis une demande de renseignements ! Un membre de notre \u00e9quipe vous contactera bient\u00f4t pour vous parler de notre bardage haute performance !","robots":{"index":"noindex","follow":"follow"},"og_locale":"fr_FR","og_type":"article","og_title":"Cladiator - Merci - Bardage haute performance","og_description":"Merci d'avoir soumis une demande de renseignements ! Un membre de notre \u00e9quipe vous contactera bient\u00f4t pour vous parler de notre bardage haute performance !","og_url":"https:\/\/cladiator.com\/fr\/page-datterrissage\/merci-lp\/","og_site_name":"Cladiator","article_publisher":"https:\/\/www.facebook.com\/people\/Cladiator\/100049662201765\/","article_modified_time":"2026-03-05T16:27:05+00:00","twitter_card":"summary_large_image","schema":{"@context":"https:\/\/schema.org","@graph":[{"@type":"WebPage","@id":"https:\/\/cladiator.com\/fr\/page-datterrissage\/merci-lp\/","url":"https:\/\/cladiator.com\/fr\/page-datterrissage\/merci-lp\/","name":"Cladiator - Merci - Bardage haute performance","isPartOf":{"@id":"https:\/\/cladiator.com\/#website"},"datePublished":"2025-11-04T12:21:52+00:00","dateModified":"2026-03-05T16:27:05+00:00","description":"Merci d'avoir soumis une demande de renseignements ! Un membre de notre \u00e9quipe vous contactera bient\u00f4t pour vous parler de notre bardage haute performance !","breadcrumb":{"@id":"https:\/\/cladiator.com\/fr\/page-datterrissage\/merci-lp\/#breadcrumb"},"inLanguage":"fr-FR","potentialAction":[{"@type":"ReadAction","target":["https:\/\/cladiator.com\/fr\/page-datterrissage\/merci-lp\/"]}]},{"@type":"BreadcrumbList","@id":"https:\/\/cladiator.com\/fr\/page-datterrissage\/merci-lp\/#breadcrumb","itemListElement":[{"@type":"ListItem","position":1,"name":"Home","item":"https:\/\/cladiator.com\/fr\/page-daccueil-2\/"},{"@type":"ListItem","position":2,"name":"Conception de pare-pluie sans pont thermique","item":"https:\/\/cladiator.com\/fr\/page-datterrissage\/"},{"@type":"ListItem","position":3,"name":"Merci &#8211; LP"}]},{"@type":"WebSite","@id":"https:\/\/cladiator.com\/#website","url":"https:\/\/cladiator.com\/","name":"Cladiator","description":"","publisher":{"@id":"https:\/\/cladiator.com\/#organization"},"potentialAction":[{"@type":"SearchAction","target":{"@type":"EntryPoint","urlTemplate":"https:\/\/cladiator.com\/?s={search_term_string}"},"query-input":{"@type":"PropertyValueSpecification","valueRequired":true,"valueName":"search_term_string"}}],"inLanguage":"fr-FR"},{"@type":"Organization","@id":"https:\/\/cladiator.com\/#organization","name":"Cladiator","url":"https:\/\/cladiator.com\/","logo":{"@type":"ImageObject","inLanguage":"fr-FR","@id":"https:\/\/cladiator.com\/#\/schema\/logo\/image\/","url":"https:\/\/cladiator.com\/wp-content\/uploads\/2023\/03\/logo.svg","contentUrl":"https:\/\/cladiator.com\/wp-content\/uploads\/2023\/03\/logo.svg","width":123,"height":22,"caption":"Cladiator"},"image":{"@id":"https:\/\/cladiator.com\/#\/schema\/logo\/image\/"},"sameAs":["https:\/\/www.facebook.com\/people\/Cladiator\/100049662201765\/","https:\/\/www.linkedin.com\/company\/cladiator\/","https:\/\/www.youtube.com\/@cladiator2928\/featured"]}]}},"_links":{"self":[{"href":"https:\/\/cladiator.com\/fr\/wp-json\/wp\/v2\/pages\/2517244","targetHints":{"allow":["GET"]}}],"collection":[{"href":"https:\/\/cladiator.com\/fr\/wp-json\/wp\/v2\/pages"}],"about":[{"href":"https:\/\/cladiator.com\/fr\/wp-json\/wp\/v2\/types\/page"}],"author":[{"embeddable":true,"href":"https:\/\/cladiator.com\/fr\/wp-json\/wp\/v2\/users\/1003"}],"replies":[{"embeddable":true,"href":"https:\/\/cladiator.com\/fr\/wp-json\/wp\/v2\/comments?post=2517244"}],"version-history":[{"count":3,"href":"https:\/\/cladiator.com\/fr\/wp-json\/wp\/v2\/pages\/2517244\/revisions"}],"predecessor-version":[{"id":2517296,"href":"https:\/\/cladiator.com\/fr\/wp-json\/wp\/v2\/pages\/2517244\/revisions\/2517296"}],"up":[{"embeddable":true,"href":"https:\/\/cladiator.com\/fr\/wp-json\/wp\/v2\/pages\/2516941"}],"wp:attachment":[{"href":"https:\/\/cladiator.com\/fr\/wp-json\/wp\/v2\/media?parent=2517244"}],"curies":[{"name":"wp","href":"https:\/\/api.w.org\/{rel}","templated":true}]}}