{"id":1510139,"date":"2024-06-13T09:09:39","date_gmt":"2024-06-13T13:09:39","guid":{"rendered":"https:\/\/cladiator.com\/ressources\/"},"modified":"2026-03-13T11:21:38","modified_gmt":"2026-03-13T15:21:38","slug":"ressources","status":"publish","type":"page","link":"https:\/\/cladiator.com\/fr\/ressources\/","title":{"rendered":"Vid\u00e9os"},"content":{"rendered":"\t\t<div data-elementor-type=\"wp-page\" data-elementor-id=\"1510139\" class=\"elementor elementor-1510139 elementor-1510137\" data-elementor-post-type=\"page\">\n\t\t\t\t<div class=\"elementor-element elementor-element-d368621 e-flex e-con-boxed e-con e-parent\" data-id=\"d368621\" data-element_type=\"container\" data-e-type=\"container\" data-settings=\"{&quot;background_background&quot;:&quot;classic&quot;}\">\n\t\t\t\t\t<div class=\"e-con-inner\">\n\t\t\t\t<div class=\"elementor-element elementor-element-dfb096f elementor-widget elementor-widget-heading\" data-id=\"dfb096f\" data-element_type=\"widget\" data-e-type=\"widget\" data-widget_type=\"heading.default\">\n\t\t\t\t<div class=\"elementor-widget-container\">\n\t\t\t\t\t<h2 class=\"elementor-heading-title elementor-size-default\">Vid\u00e9os<\/h2>\t\t\t\t<\/div>\n\t\t\t\t<\/div>\n\t\t\t\t\t<\/div>\n\t\t\t\t<\/div>\n\t\t<div class=\"elementor-element elementor-element-7f20051 e-flex e-con-boxed e-con e-parent\" data-id=\"7f20051\" data-element_type=\"container\" data-e-type=\"container\" data-settings=\"{&quot;background_background&quot;:&quot;classic&quot;}\">\n\t\t\t\t\t<div class=\"e-con-inner\">\n\t\t\t\t<div class=\"elementor-element elementor-element-0fb5354 elementor-widget elementor-widget-heading\" data-id=\"0fb5354\" data-element_type=\"widget\" data-e-type=\"widget\" data-widget_type=\"heading.default\">\n\t\t\t\t<div class=\"elementor-widget-container\">\n\t\t\t\t\t<h2 class=\"elementor-heading-title elementor-size-default\">Vid\u00e9os d'installation du CL-300<span style=\"color:#afd237\">.<\/span><\/h2>\t\t\t\t<\/div>\n\t\t\t\t<\/div>\n\t\t<div class=\"elementor-element elementor-element-af60d22 e-flex e-con-boxed e-con e-child\" data-id=\"af60d22\" data-element_type=\"container\" data-e-type=\"container\">\n\t\t\t\t\t<div class=\"e-con-inner\">\n\t\t\t\t<div class=\"elementor-element elementor-element-fb454af elementor-widget-mobile_extra__width-inherit elementor-widget__width-initial elementor-widget elementor-widget-video\" data-id=\"fb454af\" data-element_type=\"widget\" data-e-type=\"widget\" data-settings=\"{&quot;youtube_url&quot;:&quot;https:\\\/\\\/www.youtube.com\\\/watch?v=_eNOrUeI7xo&quot;,&quot;video_type&quot;:&quot;youtube&quot;,&quot;controls&quot;:&quot;yes&quot;}\" data-widget_type=\"video.default\">\n\t\t\t\t<div class=\"elementor-widget-container\">\n\t\t\t\t\t\t\t<div class=\"elementor-wrapper elementor-open-inline\">\n\t\t\t<div class=\"elementor-video\"><\/div>\t\t<\/div>\n\t\t\t\t\t\t<\/div>\n\t\t\t\t<\/div>\n\t\t\t\t<div class=\"elementor-element elementor-element-3b3586d elementor-widget-mobile_extra__width-inherit elementor-widget__width-initial elementor-widget elementor-widget-video\" data-id=\"3b3586d\" data-element_type=\"widget\" data-e-type=\"widget\" data-settings=\"{&quot;youtube_url&quot;:&quot;https:\\\/\\\/youtu.be\\\/t8pFR7CA6cg&quot;,&quot;video_type&quot;:&quot;youtube&quot;,&quot;controls&quot;:&quot;yes&quot;}\" data-widget_type=\"video.default\">\n\t\t\t\t<div class=\"elementor-widget-container\">\n\t\t\t\t\t\t\t<div class=\"elementor-wrapper elementor-open-inline\">\n\t\t\t<div class=\"elementor-video\"><\/div>\t\t<\/div>\n\t\t\t\t\t\t<\/div>\n\t\t\t\t<\/div>\n\t\t\t\t<div class=\"elementor-element elementor-element-5118d1c elementor-widget-mobile_extra__width-inherit elementor-widget__width-initial elementor-widget elementor-widget-video\" data-id=\"5118d1c\" data-element_type=\"widget\" data-e-type=\"widget\" data-settings=\"{&quot;youtube_url&quot;:&quot;https:\\\/\\\/youtu.be\\\/d2G5muE8dHI&quot;,&quot;video_type&quot;:&quot;youtube&quot;,&quot;controls&quot;:&quot;yes&quot;}\" data-widget_type=\"video.default\">\n\t\t\t\t<div class=\"elementor-widget-container\">\n\t\t\t\t\t\t\t<div class=\"elementor-wrapper elementor-open-inline\">\n\t\t\t<div class=\"elementor-video\"><\/div>\t\t<\/div>\n\t\t\t\t\t\t<\/div>\n\t\t\t\t<\/div>\n\t\t\t\t<div class=\"elementor-element elementor-element-c8d11aa elementor-widget-mobile_extra__width-inherit elementor-widget__width-initial elementor-widget elementor-widget-video\" data-id=\"c8d11aa\" data-element_type=\"widget\" data-e-type=\"widget\" data-settings=\"{&quot;youtube_url&quot;:&quot;https:\\\/\\\/youtu.be\\\/P975uW64ZR0&quot;,&quot;video_type&quot;:&quot;youtube&quot;,&quot;controls&quot;:&quot;yes&quot;}\" data-widget_type=\"video.default\">\n\t\t\t\t<div class=\"elementor-widget-container\">\n\t\t\t\t\t\t\t<div class=\"elementor-wrapper elementor-open-inline\">\n\t\t\t<div class=\"elementor-video\"><\/div>\t\t<\/div>\n\t\t\t\t\t\t<\/div>\n\t\t\t\t<\/div>\n\t\t\t\t<div class=\"elementor-element elementor-element-ca28e72 elementor-widget-mobile_extra__width-inherit elementor-widget__width-initial elementor-widget elementor-widget-video\" data-id=\"ca28e72\" data-element_type=\"widget\" data-e-type=\"widget\" data-settings=\"{&quot;youtube_url&quot;:&quot;https:\\\/\\\/youtu.be\\\/05_nFPtEBG4&quot;,&quot;video_type&quot;:&quot;youtube&quot;,&quot;controls&quot;:&quot;yes&quot;}\" data-widget_type=\"video.default\">\n\t\t\t\t<div class=\"elementor-widget-container\">\n\t\t\t\t\t\t\t<div class=\"elementor-wrapper elementor-open-inline\">\n\t\t\t<div class=\"elementor-video\"><\/div>\t\t<\/div>\n\t\t\t\t\t\t<\/div>\n\t\t\t\t<\/div>\n\t\t\t\t<div class=\"elementor-element elementor-element-5ae7f35 elementor-widget-mobile_extra__width-inherit elementor-widget__width-initial elementor-widget elementor-widget-video\" data-id=\"5ae7f35\" data-element_type=\"widget\" data-e-type=\"widget\" data-settings=\"{&quot;youtube_url&quot;:&quot;https:\\\/\\\/youtu.be\\\/g5AKOqBjTdE&quot;,&quot;video_type&quot;:&quot;youtube&quot;,&quot;controls&quot;:&quot;yes&quot;}\" data-widget_type=\"video.default\">\n\t\t\t\t<div class=\"elementor-widget-container\">\n\t\t\t\t\t\t\t<div class=\"elementor-wrapper elementor-open-inline\">\n\t\t\t<div class=\"elementor-video\"><\/div>\t\t<\/div>\n\t\t\t\t\t\t<\/div>\n\t\t\t\t<\/div>\n\t\t\t\t<div class=\"elementor-element elementor-element-1865e7f elementor-widget-mobile_extra__width-inherit elementor-widget__width-initial elementor-widget elementor-widget-video\" data-id=\"1865e7f\" data-element_type=\"widget\" data-e-type=\"widget\" data-settings=\"{&quot;youtube_url&quot;:&quot;https:\\\/\\\/youtu.be\\\/RoCRPlwElC4&quot;,&quot;video_type&quot;:&quot;youtube&quot;,&quot;controls&quot;:&quot;yes&quot;}\" data-widget_type=\"video.default\">\n\t\t\t\t<div class=\"elementor-widget-container\">\n\t\t\t\t\t\t\t<div class=\"elementor-wrapper elementor-open-inline\">\n\t\t\t<div class=\"elementor-video\"><\/div>\t\t<\/div>\n\t\t\t\t\t\t<\/div>\n\t\t\t\t<\/div>\n\t\t\t\t\t<\/div>\n\t\t\t\t<\/div>\n\t\t\t\t<div class=\"elementor-element elementor-element-76e9d2a elementor-widget elementor-widget-heading\" data-id=\"76e9d2a\" data-element_type=\"widget\" data-e-type=\"widget\" data-widget_type=\"heading.default\">\n\t\t\t\t<div class=\"elementor-widget-container\">\n\t\t\t\t\t<h2 class=\"elementor-heading-title elementor-size-default\">Slotted-Z Vid\u00e9os d'installation<span style=\"color:#afd237\">.<\/span><\/h2>\t\t\t\t<\/div>\n\t\t\t\t<\/div>\n\t\t<div class=\"elementor-element elementor-element-c523a11 e-flex e-con-boxed e-con e-child\" data-id=\"c523a11\" data-element_type=\"container\" data-e-type=\"container\">\n\t\t\t\t\t<div class=\"e-con-inner\">\n\t\t\t\t<div class=\"elementor-element elementor-element-dfba082 elementor-widget-mobile_extra__width-inherit elementor-widget__width-initial elementor-widget elementor-widget-video\" data-id=\"dfba082\" data-element_type=\"widget\" data-e-type=\"widget\" data-settings=\"{&quot;youtube_url&quot;:&quot;https:\\\/\\\/www.youtube.com\\\/watch?v=zAAR5CpMfL0&amp;t=2s&quot;,&quot;video_type&quot;:&quot;youtube&quot;,&quot;controls&quot;:&quot;yes&quot;}\" data-widget_type=\"video.default\">\n\t\t\t\t<div class=\"elementor-widget-container\">\n\t\t\t\t\t\t\t<div class=\"elementor-wrapper elementor-open-inline\">\n\t\t\t<div class=\"elementor-video\"><\/div>\t\t<\/div>\n\t\t\t\t\t\t<\/div>\n\t\t\t\t<\/div>\n\t\t\t\t\t<\/div>\n\t\t\t\t<\/div>\n\t\t\t\t\t<\/div>\n\t\t\t\t<\/div>\n\t\t<div class=\"elementor-element elementor-element-fe20042 e-flex e-con-boxed e-con e-parent\" data-id=\"fe20042\" data-element_type=\"container\" data-e-type=\"container\" data-settings=\"{&quot;background_background&quot;:&quot;classic&quot;}\">\n\t\t\t\t\t<div class=\"e-con-inner\">\n\t\t\t\t<div class=\"elementor-element elementor-element-184e2a8 elementor-widget elementor-widget-image\" data-id=\"184e2a8\" data-element_type=\"widget\" data-e-type=\"widget\" data-widget_type=\"image.default\">\n\t\t\t\t<div class=\"elementor-widget-container\">\n\t\t\t\t\t\t\t\t\t\t\t\t\t\t\t\t<a href=\"https:\/\/acelabusa.com\/manufacturer\/Cladiator\">\n\t\t\t\t\t\t\t<img fetchpriority=\"high\" decoding=\"async\" width=\"500\" height=\"110\" src=\"https:\/\/cladiator.com\/wp-content\/uploads\/2024\/06\/Acelab-Logo.webp\" class=\"attachment-large size-large wp-image-1510031\" alt=\"\" srcset=\"https:\/\/cladiator.com\/wp-content\/uploads\/2024\/06\/Acelab-Logo.webp 500w, https:\/\/cladiator.com\/wp-content\/uploads\/2024\/06\/Acelab-Logo-300x66.webp 300w\" sizes=\"(max-width: 500px) 100vw, 500px\" \/>\t\t\t\t\t\t\t\t<\/a>\n\t\t\t\t\t\t\t\t\t\t\t\t\t\t\t<\/div>\n\t\t\t\t<\/div>\n\t\t\t\t<div class=\"elementor-element elementor-element-5b18a17 elementor-widget elementor-widget-heading\" data-id=\"5b18a17\" data-element_type=\"widget\" data-e-type=\"widget\" data-widget_type=\"heading.default\">\n\t\t\t\t<div class=\"elementor-widget-container\">\n\t\t\t\t\t<h2 class=\"elementor-heading-title elementor-size-default\">Design Insight Shorts<span style=\"color:#afd237\">.<\/span><\/h2>\t\t\t\t<\/div>\n\t\t\t\t<\/div>\n\t\t<div class=\"elementor-element elementor-element-75c9dc6 e-flex e-con-boxed e-con e-child\" data-id=\"75c9dc6\" data-element_type=\"container\" data-e-type=\"container\">\n\t\t\t\t\t<div class=\"e-con-inner\">\n\t\t\t\t<div class=\"elementor-element elementor-element-fb4243a elementor-widget__width-initial elementor-widget elementor-widget-video\" data-id=\"fb4243a\" data-element_type=\"widget\" data-e-type=\"widget\" data-settings=\"{&quot;youtube_url&quot;:&quot;https:\\\/\\\/youtube.com\\\/embed\\\/jrsvGgObMl4?feature=shared&quot;,&quot;video_type&quot;:&quot;youtube&quot;,&quot;controls&quot;:&quot;yes&quot;}\" data-widget_type=\"video.default\">\n\t\t\t\t<div class=\"elementor-widget-container\">\n\t\t\t\t\t\t\t<div class=\"elementor-wrapper elementor-open-inline\">\n\t\t\t<div class=\"elementor-video\"><\/div>\t\t<\/div>\n\t\t\t\t\t\t<\/div>\n\t\t\t\t<\/div>\n\t\t\t\t<div class=\"elementor-element elementor-element-bd0ce06 elementor-widget__width-initial elementor-widget elementor-widget-video\" data-id=\"bd0ce06\" data-element_type=\"widget\" data-e-type=\"widget\" data-settings=\"{&quot;youtube_url&quot;:&quot;https:\\\/\\\/www.youtube.com\\\/embed\\\/gO_S8yYvxU0&quot;,&quot;video_type&quot;:&quot;youtube&quot;,&quot;controls&quot;:&quot;yes&quot;}\" data-widget_type=\"video.default\">\n\t\t\t\t<div class=\"elementor-widget-container\">\n\t\t\t\t\t\t\t<div class=\"elementor-wrapper elementor-open-inline\">\n\t\t\t<div class=\"elementor-video\"><\/div>\t\t<\/div>\n\t\t\t\t\t\t<\/div>\n\t\t\t\t<\/div>\n\t\t\t\t<div class=\"elementor-element elementor-element-2ec8fcd elementor-widget__width-initial elementor-widget elementor-widget-video\" data-id=\"2ec8fcd\" data-element_type=\"widget\" data-e-type=\"widget\" data-settings=\"{&quot;youtube_url&quot;:&quot;https:\\\/\\\/www.youtube.com\\\/embed\\\/1I0VQosBR2A&quot;,&quot;video_type&quot;:&quot;youtube&quot;,&quot;controls&quot;:&quot;yes&quot;}\" data-widget_type=\"video.default\">\n\t\t\t\t<div class=\"elementor-widget-container\">\n\t\t\t\t\t\t\t<div class=\"elementor-wrapper elementor-open-inline\">\n\t\t\t<div class=\"elementor-video\"><\/div>\t\t<\/div>\n\t\t\t\t\t\t<\/div>\n\t\t\t\t<\/div>\n\t\t\t\t<div class=\"elementor-element elementor-element-65dc59e elementor-widget__width-initial elementor-widget elementor-widget-video\" data-id=\"65dc59e\" data-element_type=\"widget\" data-e-type=\"widget\" data-settings=\"{&quot;youtube_url&quot;:&quot;https:\\\/\\\/www.youtube.com\\\/embed\\\/SN0kEjxzN6s&quot;,&quot;video_type&quot;:&quot;youtube&quot;,&quot;controls&quot;:&quot;yes&quot;}\" data-widget_type=\"video.default\">\n\t\t\t\t<div class=\"elementor-widget-container\">\n\t\t\t\t\t\t\t<div class=\"elementor-wrapper elementor-open-inline\">\n\t\t\t<div class=\"elementor-video\"><\/div>\t\t<\/div>\n\t\t\t\t\t\t<\/div>\n\t\t\t\t<\/div>\n\t\t\t\t<div class=\"elementor-element elementor-element-10e090b elementor-widget__width-initial elementor-widget elementor-widget-video\" data-id=\"10e090b\" data-element_type=\"widget\" data-e-type=\"widget\" data-settings=\"{&quot;youtube_url&quot;:&quot;https:\\\/\\\/www.youtube.com\\\/embed\\\/o5kGk-0ZV8k&quot;,&quot;video_type&quot;:&quot;youtube&quot;,&quot;controls&quot;:&quot;yes&quot;}\" data-widget_type=\"video.default\">\n\t\t\t\t<div class=\"elementor-widget-container\">\n\t\t\t\t\t\t\t<div class=\"elementor-wrapper elementor-open-inline\">\n\t\t\t<div class=\"elementor-video\"><\/div>\t\t<\/div>\n\t\t\t\t\t\t<\/div>\n\t\t\t\t<\/div>\n\t\t\t\t\t<\/div>\n\t\t\t\t<\/div>\n\t\t\t\t<div class=\"elementor-element elementor-element-f895cd1 elementor-widget elementor-widget-image\" data-id=\"f895cd1\" data-element_type=\"widget\" data-e-type=\"widget\" data-widget_type=\"image.default\">\n\t\t\t\t<div class=\"elementor-widget-container\">\n\t\t\t\t\t\t\t\t\t\t\t\t\t\t\t\t<a href=\"https:\/\/acelabusa.com\/manufacturer\/Cladiator\">\n\t\t\t\t\t\t\t<img fetchpriority=\"high\" decoding=\"async\" width=\"500\" height=\"110\" src=\"https:\/\/cladiator.com\/wp-content\/uploads\/2024\/06\/Acelab-Logo.webp\" class=\"attachment-large size-large wp-image-1510031\" alt=\"\" srcset=\"https:\/\/cladiator.com\/wp-content\/uploads\/2024\/06\/Acelab-Logo.webp 500w, https:\/\/cladiator.com\/wp-content\/uploads\/2024\/06\/Acelab-Logo-300x66.webp 300w\" sizes=\"(max-width: 500px) 100vw, 500px\" \/>\t\t\t\t\t\t\t\t<\/a>\n\t\t\t\t\t\t\t\t\t\t\t\t\t\t\t<\/div>\n\t\t\t\t<\/div>\n\t\t\t\t<div class=\"elementor-element elementor-element-8d2e94c elementor-widget elementor-widget-heading\" data-id=\"8d2e94c\" data-element_type=\"widget\" data-e-type=\"widget\" data-widget_type=\"heading.default\">\n\t\t\t\t<div class=\"elementor-widget-container\">\n\t\t\t\t\t<h2 class=\"elementor-heading-title elementor-size-default\">Autres aper\u00e7us<span style=\"color:#afd237\">.<\/span><\/h2>\t\t\t\t<\/div>\n\t\t\t\t<\/div>\n\t\t<div class=\"elementor-element elementor-element-9142b9c e-flex e-con-boxed e-con e-child\" data-id=\"9142b9c\" data-element_type=\"container\" data-e-type=\"container\">\n\t\t\t\t\t<div class=\"e-con-inner\">\n\t\t\t\t<div class=\"elementor-element elementor-element-eae4d7e elementor-widget-mobile_extra__width-inherit elementor-widget elementor-widget-video\" data-id=\"eae4d7e\" data-element_type=\"widget\" data-e-type=\"widget\" data-settings=\"{&quot;youtube_url&quot;:&quot;https:\\\/\\\/www.youtube.com\\\/watch?v=zTpAtxzQNmg&quot;,&quot;video_type&quot;:&quot;youtube&quot;,&quot;controls&quot;:&quot;yes&quot;}\" data-widget_type=\"video.default\">\n\t\t\t\t<div class=\"elementor-widget-container\">\n\t\t\t\t\t\t\t<div class=\"elementor-wrapper elementor-open-inline\">\n\t\t\t<div class=\"elementor-video\"><\/div>\t\t<\/div>\n\t\t\t\t\t\t<\/div>\n\t\t\t\t<\/div>\n\t\t\t\t<div class=\"elementor-element elementor-element-40e3947 elementor-widget-mobile_extra__width-inherit elementor-widget elementor-widget-video\" data-id=\"40e3947\" data-element_type=\"widget\" data-e-type=\"widget\" data-settings=\"{&quot;youtube_url&quot;:&quot;https:\\\/\\\/www.youtube.com\\\/watch?v=COYiah0uxck&quot;,&quot;video_type&quot;:&quot;youtube&quot;,&quot;controls&quot;:&quot;yes&quot;}\" data-widget_type=\"video.default\">\n\t\t\t\t<div class=\"elementor-widget-container\">\n\t\t\t\t\t\t\t<div class=\"elementor-wrapper elementor-open-inline\">\n\t\t\t<div class=\"elementor-video\"><\/div>\t\t<\/div>\n\t\t\t\t\t\t<\/div>\n\t\t\t\t<\/div>\n\t\t\t\t\t<\/div>\n\t\t\t\t<\/div>\n\t\t\t\t\t<\/div>\n\t\t\t\t<\/div>\n\t\t\t\t<\/div>\n\t\t","protected":false},"excerpt":{"rendered":"<p>Vid\u00e9os Vid\u00e9os d&rsquo;installation du CL-300. https:\/\/www.youtube.com\/watch?v=_eNOrUeI7xohttps:\/\/youtu.be\/t8pFR7CA6cghttps:\/\/youtu.be\/d2G5muE8dHIhttps:\/\/youtu.be\/P975uW64ZR0https:\/\/youtu.be\/05_nFPtEBG4https:\/\/youtu.be\/g5AKOqBjTdEhttps:\/\/youtu.be\/RoCRPlwElC4 Slotted-Z Vid\u00e9os d&rsquo;installation. Design Insight Shorts. https:\/\/youtube.com\/watch?v=jrsvGgObMl4%3Ffeature%3Dsharedhttps%3A Autres aper\u00e7us. https:\/\/www.youtube.com\/watch?v=zTpAtxzQNmghttps:\/\/www.youtube.com\/watch?v=COYiah0uxck<\/p>\n","protected":false},"author":1003,"featured_media":0,"parent":0,"menu_order":0,"comment_status":"closed","ping_status":"closed","template":"","meta":{"footnotes":""},"class_list":["post-1510139","page","type-page","status-publish","hentry"],"yoast_head":"<!-- This site is optimized with the Yoast SEO plugin v27.3 - https:\/\/yoast.com\/product\/yoast-seo-wordpress\/ -->\n<title>Vid\u00e9os - Cladiator<\/title>\n<meta name=\"robots\" content=\"index, follow, max-snippet:-1, max-image-preview:large, max-video-preview:-1\" \/>\n<link rel=\"canonical\" href=\"https:\/\/cladiator.com\/fr\/ressources\/\" \/>\n<meta property=\"og:locale\" content=\"fr_FR\" \/>\n<meta property=\"og:type\" content=\"article\" \/>\n<meta property=\"og:title\" content=\"Vid\u00e9os - Cladiator\" \/>\n<meta property=\"og:description\" content=\"Vid\u00e9os Vid\u00e9os d&rsquo;installation du CL-300. https:\/\/www.youtube.com\/watch?v=_eNOrUeI7xohttps:\/\/youtu.be\/t8pFR7CA6cghttps:\/\/youtu.be\/d2G5muE8dHIhttps:\/\/youtu.be\/P975uW64ZR0https:\/\/youtu.be\/05_nFPtEBG4https:\/\/youtu.be\/g5AKOqBjTdEhttps:\/\/youtu.be\/RoCRPlwElC4 Slotted-Z Vid\u00e9os d&rsquo;installation. Design Insight Shorts. https:\/\/youtube.com\/watch?v=jrsvGgObMl4%3Ffeature%3Dsharedhttps%3A Autres aper\u00e7us. https:\/\/www.youtube.com\/watch?v=zTpAtxzQNmghttps:\/\/www.youtube.com\/watch?v=COYiah0uxck\" \/>\n<meta property=\"og:url\" content=\"https:\/\/cladiator.com\/fr\/ressources\/\" \/>\n<meta property=\"og:site_name\" content=\"Cladiator\" \/>\n<meta property=\"article:publisher\" content=\"https:\/\/www.facebook.com\/people\/Cladiator\/100049662201765\/\" \/>\n<meta property=\"article:modified_time\" content=\"2026-03-13T15:21:38+00:00\" \/>\n<meta property=\"og:image\" content=\"https:\/\/cladiator.com\/wp-content\/uploads\/2024\/06\/Acelab-Logo.webp\" \/>\n\t<meta property=\"og:image:width\" content=\"500\" \/>\n\t<meta property=\"og:image:height\" content=\"110\" \/>\n\t<meta property=\"og:image:type\" content=\"image\/webp\" \/>\n<meta name=\"twitter:card\" content=\"summary_large_image\" \/>\n<meta name=\"twitter:label1\" content=\"Dur\u00e9e de lecture estim\u00e9e\" \/>\n\t<meta name=\"twitter:data1\" content=\"1 minute\" \/>\n<script type=\"application\/ld+json\" class=\"yoast-schema-graph\">{\"@context\":\"https:\\\/\\\/schema.org\",\"@graph\":[{\"@type\":\"WebPage\",\"@id\":\"https:\\\/\\\/cladiator.com\\\/fr\\\/ressources\\\/\",\"url\":\"https:\\\/\\\/cladiator.com\\\/fr\\\/ressources\\\/\",\"name\":\"Vid\u00e9os - Cladiator\",\"isPartOf\":{\"@id\":\"https:\\\/\\\/cladiator.com\\\/#website\"},\"primaryImageOfPage\":{\"@id\":\"https:\\\/\\\/cladiator.com\\\/fr\\\/ressources\\\/#primaryimage\"},\"image\":{\"@id\":\"https:\\\/\\\/cladiator.com\\\/fr\\\/ressources\\\/#primaryimage\"},\"thumbnailUrl\":\"https:\\\/\\\/cladiator.com\\\/wp-content\\\/uploads\\\/2024\\\/06\\\/Acelab-Logo.webp\",\"datePublished\":\"2024-06-13T13:09:39+00:00\",\"dateModified\":\"2026-03-13T15:21:38+00:00\",\"breadcrumb\":{\"@id\":\"https:\\\/\\\/cladiator.com\\\/fr\\\/ressources\\\/#breadcrumb\"},\"inLanguage\":\"fr-FR\",\"potentialAction\":[{\"@type\":\"ReadAction\",\"target\":[\"https:\\\/\\\/cladiator.com\\\/fr\\\/ressources\\\/\"]}]},{\"@type\":\"ImageObject\",\"inLanguage\":\"fr-FR\",\"@id\":\"https:\\\/\\\/cladiator.com\\\/fr\\\/ressources\\\/#primaryimage\",\"url\":\"https:\\\/\\\/cladiator.com\\\/wp-content\\\/uploads\\\/2024\\\/06\\\/Acelab-Logo.webp\",\"contentUrl\":\"https:\\\/\\\/cladiator.com\\\/wp-content\\\/uploads\\\/2024\\\/06\\\/Acelab-Logo.webp\"},{\"@type\":\"BreadcrumbList\",\"@id\":\"https:\\\/\\\/cladiator.com\\\/fr\\\/ressources\\\/#breadcrumb\",\"itemListElement\":[{\"@type\":\"ListItem\",\"position\":1,\"name\":\"Home\",\"item\":\"https:\\\/\\\/cladiator.com\\\/fr\\\/page-daccueil-2\\\/\"},{\"@type\":\"ListItem\",\"position\":2,\"name\":\"Vid\u00e9os\"}]},{\"@type\":\"WebSite\",\"@id\":\"https:\\\/\\\/cladiator.com\\\/#website\",\"url\":\"https:\\\/\\\/cladiator.com\\\/\",\"name\":\"Cladiator\",\"description\":\"\",\"publisher\":{\"@id\":\"https:\\\/\\\/cladiator.com\\\/#organization\"},\"potentialAction\":[{\"@type\":\"SearchAction\",\"target\":{\"@type\":\"EntryPoint\",\"urlTemplate\":\"https:\\\/\\\/cladiator.com\\\/?s={search_term_string}\"},\"query-input\":{\"@type\":\"PropertyValueSpecification\",\"valueRequired\":true,\"valueName\":\"search_term_string\"}}],\"inLanguage\":\"fr-FR\"},{\"@type\":\"Organization\",\"@id\":\"https:\\\/\\\/cladiator.com\\\/#organization\",\"name\":\"Cladiator\",\"url\":\"https:\\\/\\\/cladiator.com\\\/\",\"logo\":{\"@type\":\"ImageObject\",\"inLanguage\":\"fr-FR\",\"@id\":\"https:\\\/\\\/cladiator.com\\\/#\\\/schema\\\/logo\\\/image\\\/\",\"url\":\"https:\\\/\\\/cladiator.com\\\/wp-content\\\/uploads\\\/2023\\\/03\\\/logo.svg\",\"contentUrl\":\"https:\\\/\\\/cladiator.com\\\/wp-content\\\/uploads\\\/2023\\\/03\\\/logo.svg\",\"width\":123,\"height\":22,\"caption\":\"Cladiator\"},\"image\":{\"@id\":\"https:\\\/\\\/cladiator.com\\\/#\\\/schema\\\/logo\\\/image\\\/\"},\"sameAs\":[\"https:\\\/\\\/www.facebook.com\\\/people\\\/Cladiator\\\/100049662201765\\\/\",\"https:\\\/\\\/www.linkedin.com\\\/company\\\/cladiator\\\/\",\"https:\\\/\\\/www.youtube.com\\\/@cladiator2928\\\/featured\"]}]}<\/script>\n<!-- \/ Yoast SEO plugin. -->","yoast_head_json":{"title":"Vid\u00e9os - Cladiator","robots":{"index":"index","follow":"follow","max-snippet":"max-snippet:-1","max-image-preview":"max-image-preview:large","max-video-preview":"max-video-preview:-1"},"canonical":"https:\/\/cladiator.com\/fr\/ressources\/","og_locale":"fr_FR","og_type":"article","og_title":"Vid\u00e9os - Cladiator","og_description":"Vid\u00e9os Vid\u00e9os d&rsquo;installation du CL-300. https:\/\/www.youtube.com\/watch?v=_eNOrUeI7xohttps:\/\/youtu.be\/t8pFR7CA6cghttps:\/\/youtu.be\/d2G5muE8dHIhttps:\/\/youtu.be\/P975uW64ZR0https:\/\/youtu.be\/05_nFPtEBG4https:\/\/youtu.be\/g5AKOqBjTdEhttps:\/\/youtu.be\/RoCRPlwElC4 Slotted-Z Vid\u00e9os d&rsquo;installation. Design Insight Shorts. https:\/\/youtube.com\/watch?v=jrsvGgObMl4%3Ffeature%3Dsharedhttps%3A Autres aper\u00e7us. https:\/\/www.youtube.com\/watch?v=zTpAtxzQNmghttps:\/\/www.youtube.com\/watch?v=COYiah0uxck","og_url":"https:\/\/cladiator.com\/fr\/ressources\/","og_site_name":"Cladiator","article_publisher":"https:\/\/www.facebook.com\/people\/Cladiator\/100049662201765\/","article_modified_time":"2026-03-13T15:21:38+00:00","og_image":[{"width":500,"height":110,"url":"https:\/\/cladiator.com\/wp-content\/uploads\/2024\/06\/Acelab-Logo.webp","type":"image\/webp"}],"twitter_card":"summary_large_image","twitter_misc":{"Dur\u00e9e de lecture estim\u00e9e":"1 minute"},"schema":{"@context":"https:\/\/schema.org","@graph":[{"@type":"WebPage","@id":"https:\/\/cladiator.com\/fr\/ressources\/","url":"https:\/\/cladiator.com\/fr\/ressources\/","name":"Vid\u00e9os - Cladiator","isPartOf":{"@id":"https:\/\/cladiator.com\/#website"},"primaryImageOfPage":{"@id":"https:\/\/cladiator.com\/fr\/ressources\/#primaryimage"},"image":{"@id":"https:\/\/cladiator.com\/fr\/ressources\/#primaryimage"},"thumbnailUrl":"https:\/\/cladiator.com\/wp-content\/uploads\/2024\/06\/Acelab-Logo.webp","datePublished":"2024-06-13T13:09:39+00:00","dateModified":"2026-03-13T15:21:38+00:00","breadcrumb":{"@id":"https:\/\/cladiator.com\/fr\/ressources\/#breadcrumb"},"inLanguage":"fr-FR","potentialAction":[{"@type":"ReadAction","target":["https:\/\/cladiator.com\/fr\/ressources\/"]}]},{"@type":"ImageObject","inLanguage":"fr-FR","@id":"https:\/\/cladiator.com\/fr\/ressources\/#primaryimage","url":"https:\/\/cladiator.com\/wp-content\/uploads\/2024\/06\/Acelab-Logo.webp","contentUrl":"https:\/\/cladiator.com\/wp-content\/uploads\/2024\/06\/Acelab-Logo.webp"},{"@type":"BreadcrumbList","@id":"https:\/\/cladiator.com\/fr\/ressources\/#breadcrumb","itemListElement":[{"@type":"ListItem","position":1,"name":"Home","item":"https:\/\/cladiator.com\/fr\/page-daccueil-2\/"},{"@type":"ListItem","position":2,"name":"Vid\u00e9os"}]},{"@type":"WebSite","@id":"https:\/\/cladiator.com\/#website","url":"https:\/\/cladiator.com\/","name":"Cladiator","description":"","publisher":{"@id":"https:\/\/cladiator.com\/#organization"},"potentialAction":[{"@type":"SearchAction","target":{"@type":"EntryPoint","urlTemplate":"https:\/\/cladiator.com\/?s={search_term_string}"},"query-input":{"@type":"PropertyValueSpecification","valueRequired":true,"valueName":"search_term_string"}}],"inLanguage":"fr-FR"},{"@type":"Organization","@id":"https:\/\/cladiator.com\/#organization","name":"Cladiator","url":"https:\/\/cladiator.com\/","logo":{"@type":"ImageObject","inLanguage":"fr-FR","@id":"https:\/\/cladiator.com\/#\/schema\/logo\/image\/","url":"https:\/\/cladiator.com\/wp-content\/uploads\/2023\/03\/logo.svg","contentUrl":"https:\/\/cladiator.com\/wp-content\/uploads\/2023\/03\/logo.svg","width":123,"height":22,"caption":"Cladiator"},"image":{"@id":"https:\/\/cladiator.com\/#\/schema\/logo\/image\/"},"sameAs":["https:\/\/www.facebook.com\/people\/Cladiator\/100049662201765\/","https:\/\/www.linkedin.com\/company\/cladiator\/","https:\/\/www.youtube.com\/@cladiator2928\/featured"]}]}},"_links":{"self":[{"href":"https:\/\/cladiator.com\/fr\/wp-json\/wp\/v2\/pages\/1510139","targetHints":{"allow":["GET"]}}],"collection":[{"href":"https:\/\/cladiator.com\/fr\/wp-json\/wp\/v2\/pages"}],"about":[{"href":"https:\/\/cladiator.com\/fr\/wp-json\/wp\/v2\/types\/page"}],"author":[{"embeddable":true,"href":"https:\/\/cladiator.com\/fr\/wp-json\/wp\/v2\/users\/1003"}],"replies":[{"embeddable":true,"href":"https:\/\/cladiator.com\/fr\/wp-json\/wp\/v2\/comments?post=1510139"}],"version-history":[{"count":2,"href":"https:\/\/cladiator.com\/fr\/wp-json\/wp\/v2\/pages\/1510139\/revisions"}],"predecessor-version":[{"id":2518046,"href":"https:\/\/cladiator.com\/fr\/wp-json\/wp\/v2\/pages\/1510139\/revisions\/2518046"}],"wp:attachment":[{"href":"https:\/\/cladiator.com\/fr\/wp-json\/wp\/v2\/media?parent=1510139"}],"curies":[{"name":"wp","href":"https:\/\/api.w.org\/{rel}","templated":true}]}}