{"id":1509278,"date":"2024-06-04T10:53:20","date_gmt":"2024-06-04T14:53:20","guid":{"rendered":"https:\/\/cladiator.com\/eco-sill-ressources-techniques\/"},"modified":"2026-03-13T11:26:54","modified_gmt":"2026-03-13T15:26:54","slug":"eco-sill","status":"publish","type":"page","link":"https:\/\/cladiator.com\/fr\/ressources-techniques\/eco-sill\/","title":{"rendered":"Eco-Sill &#8211; Ressources techniques"},"content":{"rendered":"\t\t<div data-elementor-type=\"wp-page\" data-elementor-id=\"1509278\" class=\"elementor elementor-1509278 elementor-506822\" data-elementor-post-type=\"page\">\n\t\t\t\t<div class=\"elementor-element elementor-element-47cfb23 e-flex e-con-boxed e-con e-parent\" data-id=\"47cfb23\" data-element_type=\"container\" data-e-type=\"container\" data-settings=\"{&quot;background_background&quot;:&quot;classic&quot;}\">\n\t\t\t\t\t<div class=\"e-con-inner\">\n\t\t\t\t<div class=\"elementor-element elementor-element-97e40d3 elementor-widget elementor-widget-text-editor\" data-id=\"97e40d3\" data-element_type=\"widget\" data-e-type=\"widget\" data-widget_type=\"text-editor.default\">\n\t\t\t\t<div class=\"elementor-widget-container\">\n\t\t\t\t\t\t\t\t\t<p>Bient\u00f4t disponible<\/p>\t\t\t\t\t\t\t\t<\/div>\n\t\t\t\t<\/div>\n\t\t\t\t<div class=\"elementor-element elementor-element-1e52e6d elementor-widget elementor-widget-heading\" data-id=\"1e52e6d\" data-element_type=\"widget\" data-e-type=\"widget\" data-widget_type=\"heading.default\">\n\t\t\t\t<div class=\"elementor-widget-container\">\n\t\t\t\t\t<h1 class=\"elementor-heading-title elementor-size-default\">Ressources Eco-Sill Tech<\/h1>\t\t\t\t<\/div>\n\t\t\t\t<\/div>\n\t\t\t\t<div class=\"elementor-element elementor-element-30b2498 elementor-widget__width-initial #subheading elementor-widget elementor-widget-heading\" data-id=\"30b2498\" data-element_type=\"widget\" data-e-type=\"widget\" data-widget_type=\"heading.default\">\n\t\t\t\t<div class=\"elementor-widget-container\">\n\t\t\t\t\t<h2 class=\"elementor-heading-title elementor-size-default\">Les produits \u00e9num\u00e9r\u00e9s sur ce site sont brevet\u00e9s ou font l'objet de\ndemandes de brevet d'utilit\u00e9 ou de dessin en cours d'examen.<\/h2>\t\t\t\t<\/div>\n\t\t\t\t<\/div>\n\t\t\t\t\t<\/div>\n\t\t\t\t<\/div>\n\t\t<div class=\"elementor-element elementor-element-45f5c0f e-flex e-con-boxed e-con e-parent\" data-id=\"45f5c0f\" data-element_type=\"container\" data-e-type=\"container\">\n\t\t\t\t\t<div class=\"e-con-inner\">\n\t\t<div class=\"elementor-element elementor-element-0223dea e-con-full e-flex e-con e-child\" data-id=\"0223dea\" data-element_type=\"container\" data-e-type=\"container\">\n\t\t\t\t<div class=\"elementor-element elementor-element-42042b6 elementor-toc--content-ellipsis elementor-toc--minimized-on-tablet elementor-widget elementor-widget-table-of-contents\" data-id=\"42042b6\" data-element_type=\"widget\" data-e-type=\"widget\" data-settings=\"{&quot;headings_by_tags&quot;:[&quot;h4&quot;,&quot;h5&quot;,&quot;h6&quot;],&quot;marker_view&quot;:&quot;bullets&quot;,&quot;icon&quot;:{&quot;value&quot;:&quot;fas fa-arrow-right&quot;,&quot;library&quot;:&quot;fa-solid&quot;},&quot;sticky&quot;:&quot;top&quot;,&quot;sticky_offset&quot;:20,&quot;sticky_parent&quot;:&quot;yes&quot;,&quot;no_headings_message&quot;:&quot;No headings were found on this page.&quot;,&quot;minimize_box&quot;:&quot;yes&quot;,&quot;minimized_on&quot;:&quot;tablet&quot;,&quot;hierarchical_view&quot;:&quot;yes&quot;,&quot;min_height&quot;:{&quot;unit&quot;:&quot;px&quot;,&quot;size&quot;:&quot;&quot;,&quot;sizes&quot;:[]},&quot;min_height_widescreen&quot;:{&quot;unit&quot;:&quot;px&quot;,&quot;size&quot;:&quot;&quot;,&quot;sizes&quot;:[]},&quot;min_height_laptop&quot;:{&quot;unit&quot;:&quot;px&quot;,&quot;size&quot;:&quot;&quot;,&quot;sizes&quot;:[]},&quot;min_height_tablet_extra&quot;:{&quot;unit&quot;:&quot;px&quot;,&quot;size&quot;:&quot;&quot;,&quot;sizes&quot;:[]},&quot;min_height_tablet&quot;:{&quot;unit&quot;:&quot;px&quot;,&quot;size&quot;:&quot;&quot;,&quot;sizes&quot;:[]},&quot;min_height_mobile_extra&quot;:{&quot;unit&quot;:&quot;px&quot;,&quot;size&quot;:&quot;&quot;,&quot;sizes&quot;:[]},&quot;min_height_mobile&quot;:{&quot;unit&quot;:&quot;px&quot;,&quot;size&quot;:&quot;&quot;,&quot;sizes&quot;:[]},&quot;sticky_on&quot;:[&quot;widescreen&quot;,&quot;desktop&quot;,&quot;laptop&quot;,&quot;tablet_extra&quot;,&quot;tablet&quot;,&quot;mobile_extra&quot;,&quot;mobile&quot;],&quot;sticky_effects_offset&quot;:0,&quot;sticky_anchor_link_offset&quot;:0}\" data-widget_type=\"table-of-contents.default\">\n\t\t\t\t<div class=\"elementor-widget-container\">\n\t\t\t\t\t\t\t\t\t<div class=\"elementor-toc__header\">\n\t\t\t\t\t\t<h2 class=\"elementor-toc__header-title\">\n\t\t\t\tEco-Sill Technique\t\t\t<\/h2>\n\t\t\t\t\t\t\t\t\t\t<div class=\"elementor-toc__toggle-button elementor-toc__toggle-button--expand\" role=\"button\" tabindex=\"0\" aria-controls=\"elementor-toc__42042b6\" aria-expanded=\"true\" aria-label=\"Ouvrir la table des mati\u00e8res\"><i aria-hidden=\"true\" class=\"fas fa-chevron-down\"><\/i><\/div>\n\t\t\t\t<div class=\"elementor-toc__toggle-button elementor-toc__toggle-button--collapse\" role=\"button\" tabindex=\"0\" aria-controls=\"elementor-toc__42042b6\" aria-expanded=\"true\" aria-label=\"Fermer la table des mati\u00e8res\"><i aria-hidden=\"true\" class=\"fas fa-chevron-up\"><\/i><\/div>\n\t\t\t\t\t<\/div>\n\t\t\t\t<div id=\"elementor-toc__42042b6\" class=\"elementor-toc__body\">\n\t\t\t<div class=\"elementor-toc__spinner-container\">\n\t\t\t\t<i class=\"elementor-toc__spinner eicon-animation-spin eicon-loading\" aria-hidden=\"true\"><\/i>\t\t\t<\/div>\n\t\t<\/div>\n\t\t\t\t\t\t<\/div>\n\t\t\t\t<\/div>\n\t\t\t\t<\/div>\n\t\t<div class=\"elementor-element elementor-element-c401808 e-con-full e-flex e-con e-child\" data-id=\"c401808\" data-element_type=\"container\" data-e-type=\"container\">\n\t\t\t\t<div class=\"elementor-element elementor-element-68e2643 elementor-widget elementor-widget-heading\" data-id=\"68e2643\" data-element_type=\"widget\" data-e-type=\"widget\" data-widget_type=\"heading.default\">\n\t\t\t\t<div class=\"elementor-widget-container\">\n\t\t\t\t\t<h2 class=\"elementor-heading-title elementor-size-default\">Donn\u00e9es techniques de l'Eco-Sill<\/h2>\t\t\t\t<\/div>\n\t\t\t\t<\/div>\n\t\t<div class=\"elementor-element elementor-element-15e439b e-flex e-con-boxed e-con e-child\" data-id=\"15e439b\" data-element_type=\"container\" data-e-type=\"container\">\n\t\t\t\t\t<div class=\"e-con-inner\">\n\t\t\t\t<div class=\"elementor-element elementor-element-2bc17df elementor-widget elementor-widget-heading\" data-id=\"2bc17df\" data-element_type=\"widget\" data-e-type=\"widget\" data-widget_type=\"heading.default\">\n\t\t\t\t<div class=\"elementor-widget-container\">\n\t\t\t\t\t<h4 class=\"elementor-heading-title elementor-size-default\">D\u00e9tails du syst\u00e8me PDF<\/h4>\t\t\t\t<\/div>\n\t\t\t\t<\/div>\n\t\t<div class=\"elementor-element elementor-element-eba3b9a e-flex e-con-boxed e-con e-child\" data-id=\"eba3b9a\" data-element_type=\"container\" data-e-type=\"container\">\n\t\t\t\t\t<div class=\"e-con-inner\">\n\t\t<div class=\"elementor-element elementor-element-bd02c4f e-con-full e-flex e-con e-child\" data-id=\"bd02c4f\" data-element_type=\"container\" data-e-type=\"container\">\n\t\t\t\t<div class=\"elementor-element elementor-element-e443c76 elementor-widget elementor-widget-image\" data-id=\"e443c76\" data-element_type=\"widget\" data-e-type=\"widget\" data-widget_type=\"image.default\">\n\t\t\t\t<div class=\"elementor-widget-container\">\n\t\t\t\t\t\t\t\t\t\t\t\t\t\t\t<img decoding=\"async\" width=\"63\" height=\"77\" src=\"https:\/\/cladiator.com\/wp-content\/uploads\/2023\/04\/PDF-icon.png\" class=\"attachment-large size-large wp-image-500929\" alt=\"PDF Icon\" \/>\t\t\t\t\t\t\t\t\t\t\t\t\t\t\t<\/div>\n\t\t\t\t<\/div>\n\t\t\t\t<div class=\"elementor-element elementor-element-8a2967a elementor-widget elementor-widget-text-editor\" data-id=\"8a2967a\" data-element_type=\"widget\" data-e-type=\"widget\" data-widget_type=\"text-editor.default\">\n\t\t\t\t<div class=\"elementor-widget-container\">\n\t\t\t\t\t\t\t\t\tEco-Sill 10&Prime; Version B &#8211; D\u00e9tails du syst\u00e8me\t\t\t\t\t\t\t\t<\/div>\n\t\t\t\t<\/div>\n\t\t\t\t<div class=\"elementor-element elementor-element-3de410b elementor-align-left elementor-mobile-align-justify elementor-widget elementor-widget-button\" data-id=\"3de410b\" data-element_type=\"widget\" data-e-type=\"widget\" data-widget_type=\"button.default\">\n\t\t\t\t<div class=\"elementor-widget-container\">\n\t\t\t\t\t\t\t\t\t<div class=\"elementor-button-wrapper\">\n\t\t\t\t\t<a class=\"elementor-button elementor-button-link elementor-size-sm\" href=\"#elementor-action%3Aaction%3Dpopup%3Aopen%26settings%3DeyJpZCI6MTUwOTIxOCwidG9nZ2xlIjpmYWxzZX0%3D\" target=\"_blank\">\n\t\t\t\t\t\t<span class=\"elementor-button-content-wrapper\">\n\t\t\t\t\t\t\t\t\t<span class=\"elementor-button-text\">T\u00c9L\u00c9CHARGER PDF &gt;&gt;<\/span>\n\t\t\t\t\t<\/span>\n\t\t\t\t\t<\/a>\n\t\t\t\t<\/div>\n\t\t\t\t\t\t\t\t<\/div>\n\t\t\t\t<\/div>\n\t\t\t\t<\/div>\n\t\t\t\t\t<\/div>\n\t\t\t\t<\/div>\n\t\t\t\t<div class=\"elementor-element elementor-element-68f0e2c elementor-widget elementor-widget-heading\" data-id=\"68f0e2c\" data-element_type=\"widget\" data-e-type=\"widget\" data-widget_type=\"heading.default\">\n\t\t\t\t<div class=\"elementor-widget-container\">\n\t\t\t\t\t<h4 class=\"elementor-heading-title elementor-size-default\">Donn\u00e9es techniques et rapports  <\/h4>\t\t\t\t<\/div>\n\t\t\t\t<\/div>\n\t\t\t\t<div class=\"elementor-element elementor-element-e8d64f5 elementor-icon-list--layout-traditional elementor-list-item-link-full_width elementor-widget elementor-widget-icon-list\" data-id=\"e8d64f5\" data-element_type=\"widget\" data-e-type=\"widget\" data-widget_type=\"icon-list.default\">\n\t\t\t\t<div class=\"elementor-widget-container\">\n\t\t\t\t\t\t\t<ul class=\"elementor-icon-list-items\">\n\t\t\t\t\t\t\t<li class=\"elementor-icon-list-item\">\n\t\t\t\t\t\t\t\t\t\t\t<span class=\"elementor-icon-list-icon\">\n\t\t\t\t\t\t\t<i aria-hidden=\"true\" class=\"fas fa-angle-double-right\"><\/i>\t\t\t\t\t\t<\/span>\n\t\t\t\t\t\t\t\t\t\t<span class=\"elementor-icon-list-text\">Tous les tests et donn\u00e9es n\u00e9cessaires sont encore en cours.<\/span>\n\t\t\t\t\t\t\t\t\t<\/li>\n\t\t\t\t\t\t<\/ul>\n\t\t\t\t\t\t<\/div>\n\t\t\t\t<\/div>\n\t\t\t\t\t<\/div>\n\t\t\t\t<\/div>\n\t\t\t\t<\/div>\n\t\t\t\t\t<\/div>\n\t\t\t\t<\/div>\n\t\t\t\t<\/div>\n\t\t","protected":false},"excerpt":{"rendered":"<p>Bient\u00f4t disponible Ressources Eco-Sill Tech Les produits \u00e9num\u00e9r\u00e9s sur ce site sont brevet\u00e9s ou font l&rsquo;objet de demandes de brevet d&rsquo;utilit\u00e9 ou de dessin en cours d&rsquo;examen. Eco-Sill Technique Donn\u00e9es techniques de l&rsquo;Eco-Sill D\u00e9tails du syst\u00e8me PDF Eco-Sill 10&Prime; Version B &#8211; D\u00e9tails du syst\u00e8me T\u00c9L\u00c9CHARGER PDF &gt;&gt; Donn\u00e9es techniques et rapports Tous les tests [&hellip;]<\/p>\n","protected":false},"author":1002,"featured_media":1512490,"parent":501349,"menu_order":0,"comment_status":"closed","ping_status":"closed","template":"","meta":{"footnotes":""},"class_list":["post-1509278","page","type-page","status-publish","has-post-thumbnail","hentry"],"yoast_head":"<!-- This site is optimized with the Yoast SEO plugin v27.4 - https:\/\/yoast.com\/product\/yoast-seo-wordpress\/ -->\n<title>Cladiator - Eco Sill Tech Resources - Windowsill<\/title>\n<meta name=\"description\" content=\"Exploitez les ressources de Slotted-Z, notre canal en z, pour \u00e9liminer les transferts de chaleur et mettre en \u0153uvre une ventilation de l&#039;air et de l&#039;humidit\u00e9.\" \/>\n<meta name=\"robots\" content=\"index, follow, max-snippet:-1, max-image-preview:large, max-video-preview:-1\" \/>\n<link rel=\"canonical\" href=\"https:\/\/cladiator.com\/fr\/ressources-techniques\/eco-sill\/\" \/>\n<meta property=\"og:locale\" content=\"fr_FR\" \/>\n<meta property=\"og:type\" content=\"article\" \/>\n<meta property=\"og:title\" content=\"Cladiator - Eco Sill Tech Resources - Windowsill\" \/>\n<meta property=\"og:description\" content=\"Exploitez les ressources de Slotted-Z, notre canal en z, pour \u00e9liminer les transferts de chaleur et mettre en \u0153uvre une ventilation de l&#039;air et de l&#039;humidit\u00e9.\" \/>\n<meta property=\"og:url\" content=\"https:\/\/cladiator.com\/fr\/ressources-techniques\/eco-sill\/\" \/>\n<meta property=\"og:site_name\" content=\"Cladiator\" \/>\n<meta property=\"article:publisher\" content=\"https:\/\/www.facebook.com\/people\/Cladiator\/100049662201765\/\" \/>\n<meta property=\"article:modified_time\" content=\"2026-03-13T15:26:54+00:00\" \/>\n<meta property=\"og:image\" content=\"https:\/\/cladiator.com\/wp-content\/uploads\/2024\/12\/PHOTO-2024-12-19-15-47-544-768x1024.jpg\" \/>\n\t<meta property=\"og:image:width\" content=\"768\" \/>\n\t<meta property=\"og:image:height\" content=\"1024\" \/>\n\t<meta property=\"og:image:type\" content=\"image\/jpeg\" \/>\n<meta name=\"twitter:card\" content=\"summary_large_image\" \/>\n<meta name=\"twitter:label1\" content=\"Dur\u00e9e de lecture estim\u00e9e\" \/>\n\t<meta name=\"twitter:data1\" content=\"1 minute\" \/>\n<script type=\"application\/ld+json\" class=\"yoast-schema-graph\">{\"@context\":\"https:\\\/\\\/schema.org\",\"@graph\":[{\"@type\":\"WebPage\",\"@id\":\"https:\\\/\\\/cladiator.com\\\/fr\\\/ressources-techniques\\\/eco-sill\\\/\",\"url\":\"https:\\\/\\\/cladiator.com\\\/fr\\\/ressources-techniques\\\/eco-sill\\\/\",\"name\":\"Cladiator - Eco Sill Tech Resources - Windowsill\",\"isPartOf\":{\"@id\":\"https:\\\/\\\/cladiator.com\\\/#website\"},\"primaryImageOfPage\":{\"@id\":\"https:\\\/\\\/cladiator.com\\\/fr\\\/ressources-techniques\\\/eco-sill\\\/#primaryimage\"},\"image\":{\"@id\":\"https:\\\/\\\/cladiator.com\\\/fr\\\/ressources-techniques\\\/eco-sill\\\/#primaryimage\"},\"thumbnailUrl\":\"https:\\\/\\\/cladiator.com\\\/wp-content\\\/uploads\\\/2024\\\/12\\\/PHOTO-2024-12-19-15-47-544.jpg\",\"datePublished\":\"2024-06-04T14:53:20+00:00\",\"dateModified\":\"2026-03-13T15:26:54+00:00\",\"description\":\"Exploitez les ressources de Slotted-Z, notre canal en z, pour \u00e9liminer les transferts de chaleur et mettre en \u0153uvre une ventilation de l'air et de l'humidit\u00e9.\",\"breadcrumb\":{\"@id\":\"https:\\\/\\\/cladiator.com\\\/fr\\\/ressources-techniques\\\/eco-sill\\\/#breadcrumb\"},\"inLanguage\":\"fr-FR\",\"potentialAction\":[{\"@type\":\"ReadAction\",\"target\":[\"https:\\\/\\\/cladiator.com\\\/fr\\\/ressources-techniques\\\/eco-sill\\\/\"]}]},{\"@type\":\"ImageObject\",\"inLanguage\":\"fr-FR\",\"@id\":\"https:\\\/\\\/cladiator.com\\\/fr\\\/ressources-techniques\\\/eco-sill\\\/#primaryimage\",\"url\":\"https:\\\/\\\/cladiator.com\\\/wp-content\\\/uploads\\\/2024\\\/12\\\/PHOTO-2024-12-19-15-47-544.jpg\",\"contentUrl\":\"https:\\\/\\\/cladiator.com\\\/wp-content\\\/uploads\\\/2024\\\/12\\\/PHOTO-2024-12-19-15-47-544.jpg\",\"width\":1200,\"height\":1600},{\"@type\":\"BreadcrumbList\",\"@id\":\"https:\\\/\\\/cladiator.com\\\/fr\\\/ressources-techniques\\\/eco-sill\\\/#breadcrumb\",\"itemListElement\":[{\"@type\":\"ListItem\",\"position\":1,\"name\":\"Home\",\"item\":\"https:\\\/\\\/cladiator.com\\\/fr\\\/page-daccueil-2\\\/\"},{\"@type\":\"ListItem\",\"position\":2,\"name\":\"Ressources techniques\",\"item\":\"https:\\\/\\\/cladiator.com\\\/fr\\\/ressources-techniques\\\/\"},{\"@type\":\"ListItem\",\"position\":3,\"name\":\"Eco-Sill &#8211; Ressources techniques\"}]},{\"@type\":\"WebSite\",\"@id\":\"https:\\\/\\\/cladiator.com\\\/#website\",\"url\":\"https:\\\/\\\/cladiator.com\\\/\",\"name\":\"Cladiator\",\"description\":\"\",\"publisher\":{\"@id\":\"https:\\\/\\\/cladiator.com\\\/#organization\"},\"potentialAction\":[{\"@type\":\"SearchAction\",\"target\":{\"@type\":\"EntryPoint\",\"urlTemplate\":\"https:\\\/\\\/cladiator.com\\\/?s={search_term_string}\"},\"query-input\":{\"@type\":\"PropertyValueSpecification\",\"valueRequired\":true,\"valueName\":\"search_term_string\"}}],\"inLanguage\":\"fr-FR\"},{\"@type\":\"Organization\",\"@id\":\"https:\\\/\\\/cladiator.com\\\/#organization\",\"name\":\"Cladiator\",\"url\":\"https:\\\/\\\/cladiator.com\\\/\",\"logo\":{\"@type\":\"ImageObject\",\"inLanguage\":\"fr-FR\",\"@id\":\"https:\\\/\\\/cladiator.com\\\/#\\\/schema\\\/logo\\\/image\\\/\",\"url\":\"https:\\\/\\\/cladiator.com\\\/wp-content\\\/uploads\\\/2023\\\/03\\\/logo.svg\",\"contentUrl\":\"https:\\\/\\\/cladiator.com\\\/wp-content\\\/uploads\\\/2023\\\/03\\\/logo.svg\",\"width\":123,\"height\":22,\"caption\":\"Cladiator\"},\"image\":{\"@id\":\"https:\\\/\\\/cladiator.com\\\/#\\\/schema\\\/logo\\\/image\\\/\"},\"sameAs\":[\"https:\\\/\\\/www.facebook.com\\\/people\\\/Cladiator\\\/100049662201765\\\/\",\"https:\\\/\\\/www.linkedin.com\\\/company\\\/cladiator\\\/\",\"https:\\\/\\\/www.youtube.com\\\/@cladiator2928\\\/featured\"]}]}<\/script>\n<!-- \/ Yoast SEO plugin. -->","yoast_head_json":{"title":"Cladiator - Eco Sill Tech Resources - Windowsill","description":"Exploitez les ressources de Slotted-Z, notre canal en z, pour \u00e9liminer les transferts de chaleur et mettre en \u0153uvre une ventilation de l'air et de l'humidit\u00e9.","robots":{"index":"index","follow":"follow","max-snippet":"max-snippet:-1","max-image-preview":"max-image-preview:large","max-video-preview":"max-video-preview:-1"},"canonical":"https:\/\/cladiator.com\/fr\/ressources-techniques\/eco-sill\/","og_locale":"fr_FR","og_type":"article","og_title":"Cladiator - Eco Sill Tech Resources - Windowsill","og_description":"Exploitez les ressources de Slotted-Z, notre canal en z, pour \u00e9liminer les transferts de chaleur et mettre en \u0153uvre une ventilation de l'air et de l'humidit\u00e9.","og_url":"https:\/\/cladiator.com\/fr\/ressources-techniques\/eco-sill\/","og_site_name":"Cladiator","article_publisher":"https:\/\/www.facebook.com\/people\/Cladiator\/100049662201765\/","article_modified_time":"2026-03-13T15:26:54+00:00","og_image":[{"width":768,"height":1024,"url":"https:\/\/cladiator.com\/wp-content\/uploads\/2024\/12\/PHOTO-2024-12-19-15-47-544-768x1024.jpg","type":"image\/jpeg"}],"twitter_card":"summary_large_image","twitter_misc":{"Dur\u00e9e de lecture estim\u00e9e":"1 minute"},"schema":{"@context":"https:\/\/schema.org","@graph":[{"@type":"WebPage","@id":"https:\/\/cladiator.com\/fr\/ressources-techniques\/eco-sill\/","url":"https:\/\/cladiator.com\/fr\/ressources-techniques\/eco-sill\/","name":"Cladiator - Eco Sill Tech Resources - Windowsill","isPartOf":{"@id":"https:\/\/cladiator.com\/#website"},"primaryImageOfPage":{"@id":"https:\/\/cladiator.com\/fr\/ressources-techniques\/eco-sill\/#primaryimage"},"image":{"@id":"https:\/\/cladiator.com\/fr\/ressources-techniques\/eco-sill\/#primaryimage"},"thumbnailUrl":"https:\/\/cladiator.com\/wp-content\/uploads\/2024\/12\/PHOTO-2024-12-19-15-47-544.jpg","datePublished":"2024-06-04T14:53:20+00:00","dateModified":"2026-03-13T15:26:54+00:00","description":"Exploitez les ressources de Slotted-Z, notre canal en z, pour \u00e9liminer les transferts de chaleur et mettre en \u0153uvre une ventilation de l'air et de l'humidit\u00e9.","breadcrumb":{"@id":"https:\/\/cladiator.com\/fr\/ressources-techniques\/eco-sill\/#breadcrumb"},"inLanguage":"fr-FR","potentialAction":[{"@type":"ReadAction","target":["https:\/\/cladiator.com\/fr\/ressources-techniques\/eco-sill\/"]}]},{"@type":"ImageObject","inLanguage":"fr-FR","@id":"https:\/\/cladiator.com\/fr\/ressources-techniques\/eco-sill\/#primaryimage","url":"https:\/\/cladiator.com\/wp-content\/uploads\/2024\/12\/PHOTO-2024-12-19-15-47-544.jpg","contentUrl":"https:\/\/cladiator.com\/wp-content\/uploads\/2024\/12\/PHOTO-2024-12-19-15-47-544.jpg","width":1200,"height":1600},{"@type":"BreadcrumbList","@id":"https:\/\/cladiator.com\/fr\/ressources-techniques\/eco-sill\/#breadcrumb","itemListElement":[{"@type":"ListItem","position":1,"name":"Home","item":"https:\/\/cladiator.com\/fr\/page-daccueil-2\/"},{"@type":"ListItem","position":2,"name":"Ressources techniques","item":"https:\/\/cladiator.com\/fr\/ressources-techniques\/"},{"@type":"ListItem","position":3,"name":"Eco-Sill &#8211; Ressources techniques"}]},{"@type":"WebSite","@id":"https:\/\/cladiator.com\/#website","url":"https:\/\/cladiator.com\/","name":"Cladiator","description":"","publisher":{"@id":"https:\/\/cladiator.com\/#organization"},"potentialAction":[{"@type":"SearchAction","target":{"@type":"EntryPoint","urlTemplate":"https:\/\/cladiator.com\/?s={search_term_string}"},"query-input":{"@type":"PropertyValueSpecification","valueRequired":true,"valueName":"search_term_string"}}],"inLanguage":"fr-FR"},{"@type":"Organization","@id":"https:\/\/cladiator.com\/#organization","name":"Cladiator","url":"https:\/\/cladiator.com\/","logo":{"@type":"ImageObject","inLanguage":"fr-FR","@id":"https:\/\/cladiator.com\/#\/schema\/logo\/image\/","url":"https:\/\/cladiator.com\/wp-content\/uploads\/2023\/03\/logo.svg","contentUrl":"https:\/\/cladiator.com\/wp-content\/uploads\/2023\/03\/logo.svg","width":123,"height":22,"caption":"Cladiator"},"image":{"@id":"https:\/\/cladiator.com\/#\/schema\/logo\/image\/"},"sameAs":["https:\/\/www.facebook.com\/people\/Cladiator\/100049662201765\/","https:\/\/www.linkedin.com\/company\/cladiator\/","https:\/\/www.youtube.com\/@cladiator2928\/featured"]}]}},"_links":{"self":[{"href":"https:\/\/cladiator.com\/fr\/wp-json\/wp\/v2\/pages\/1509278","targetHints":{"allow":["GET"]}}],"collection":[{"href":"https:\/\/cladiator.com\/fr\/wp-json\/wp\/v2\/pages"}],"about":[{"href":"https:\/\/cladiator.com\/fr\/wp-json\/wp\/v2\/types\/page"}],"author":[{"embeddable":true,"href":"https:\/\/cladiator.com\/fr\/wp-json\/wp\/v2\/users\/1002"}],"replies":[{"embeddable":true,"href":"https:\/\/cladiator.com\/fr\/wp-json\/wp\/v2\/comments?post=1509278"}],"version-history":[{"count":20,"href":"https:\/\/cladiator.com\/fr\/wp-json\/wp\/v2\/pages\/1509278\/revisions"}],"predecessor-version":[{"id":2518055,"href":"https:\/\/cladiator.com\/fr\/wp-json\/wp\/v2\/pages\/1509278\/revisions\/2518055"}],"up":[{"embeddable":true,"href":"https:\/\/cladiator.com\/fr\/wp-json\/wp\/v2\/pages\/501349"}],"wp:featuredmedia":[{"embeddable":true,"href":"https:\/\/cladiator.com\/fr\/wp-json\/wp\/v2\/media\/1512490"}],"wp:attachment":[{"href":"https:\/\/cladiator.com\/fr\/wp-json\/wp\/v2\/media?parent=1509278"}],"curies":[{"name":"wp","href":"https:\/\/api.w.org\/{rel}","templated":true}]}}